{"id":295,"date":"2022-03-03T15:03:19","date_gmt":"2022-03-03T12:03:19","guid":{"rendered":"http:\/\/92.62.138.38\/?page_id=295"},"modified":"2026-03-19T16:26:02","modified_gmt":"2026-03-19T13:26:02","slug":"praca","status":"publish","type":"page","link":"https:\/\/www.agroteka.lt\/pl\/servisas\/","title":{"rendered":"Praca"},"content":{"rendered":"<section class=\"l-section wpb_row us_custom_e7c3a50b height_medium color_alternate\"><div class=\"l-section-h i-cf\"><div class=\"g-cols vc_row via_grid cols_4-1 laptops-cols_inherit tablets-cols_inherit mobiles-cols_1 valign_middle type_default stacking_default\"><div class=\"wpb_column vc_column_container\"><div class=\"vc_column-inner\"><ol class=\"g-breadcrumbs us_custom_5c006ea7 has_text_color separator_custom align_none\" itemscope itemtype=\"http:\/\/schema.org\/BreadcrumbList\"><li class=\"g-breadcrumbs-item\" itemscope itemprop=\"itemListElement\" itemtype=\"http:\/\/schema.org\/ListItem\"><a itemprop=\"item\" href=\"https:\/\/www.agroteka.lt\/pl\/\"><span itemprop=\"name\">Strona g\u0142\u00f3wna<\/span><\/a><meta itemprop=\"position\" content=\"1\"\/><\/li><li class=\"g-breadcrumbs-separator\">\/<\/li><li class=\"g-breadcrumbs-item\">Strony<\/li><\/ol><div class=\"w-separator size_small\"><\/div><h1 class=\"w-post-elm post_title us_custom_8e46ea77 entry-title color_link_inherit\">Praca<\/h1><\/div><\/div><div class=\"wpb_column vc_column_container\"><div class=\"vc_column-inner\"><\/div><\/div><\/div><\/div><\/section><section class=\"l-section wpb_row height_medium\"><div class=\"l-section-h i-cf\"><div class=\"g-cols vc_row via_grid cols_1 laptops-cols_inherit tablets-cols_inherit mobiles-cols_1 valign_middle type_default stacking_default\"><div class=\"wpb_column vc_column_container\"><div class=\"vc_column-inner\"><div class=\"g-cols wpb_row via_grid cols_1 laptops-cols_inherit tablets-cols_inherit mobiles-cols_1 valign_top type_default stacking_default\"><div class=\"wpb_column vc_column_container\"><div class=\"vc_column-inner\"><div class=\"wpb_text_column\"><div class=\"wpb_wrapper\"><h2 style=\"text-align: center;\">Profesjonalni technicy serwisowi<\/h2>\n<\/div><\/div><\/div><\/div><\/div><div class=\"w-separator size_large\"><\/div><div class=\"g-cols wpb_row via_grid cols_3 laptops-cols_inherit tablets-cols_inherit mobiles-cols_1 valign_top type_default stacking_default\"><div class=\"wpb_column vc_column_container\"><div class=\"vc_column-inner\"><div class=\"w-iconbox iconpos_left style_default color_primary align_left\"><div class=\"w-iconbox-icon\" style=\"font-size:2rem;\"><i class=\"fad fa-history\"><\/i><\/div><div class=\"w-iconbox-meta\"><h4 class=\"w-iconbox-title\">Szybkie wsparcie techniczne<\/h4><div class=\"w-iconbox-text\"><p>Technicy serwisowi zapewniaj\u0105 sprawne dzia\u0142anie sprz\u0119tu i szybko reaguj\u0105 na wezwania w przypadku awarii, docieraj\u0105c na miejsce na terenie ca\u0142ej Litwy.<\/p>\n<\/div><\/div><\/div><\/div><\/div><div class=\"wpb_column vc_column_container\"><div class=\"vc_column-inner\"><div class=\"w-iconbox iconpos_left style_default color_primary align_left\"><div class=\"w-iconbox-icon\" style=\"font-size:2rem;\"><i class=\"fad fa-tools\"><\/i><\/div><div class=\"w-iconbox-meta\"><h4 class=\"w-iconbox-title\">Najwy\u017csza jako\u015b\u0107 pracy<\/h4><div class=\"w-iconbox-text\"><p>U\u017cywamy zaawansowanego sprz\u0119tu i oryginalnych cz\u0119\u015bci, dzi\u0119ki czemu wszystkie naprawy i konserwacje s\u0105 wykonywane z precyzj\u0105 i jako\u015bci\u0105.<\/p>\n<\/div><\/div><\/div><\/div><\/div><div class=\"wpb_column vc_column_container\"><div class=\"vc_column-inner\"><div class=\"w-iconbox iconpos_left style_default color_primary align_left\"><div class=\"w-iconbox-icon\" style=\"font-size:2rem;\"><i class=\"fad fa-handshake\"><\/i><\/div><div class=\"w-iconbox-meta\"><h4 class=\"w-iconbox-title\">Profesjonalna obs\u0142uga<\/h4><div class=\"w-iconbox-text\"><p>\u015aci\u015ble wsp\u00f3\u0142pracujemy z producentami reprezentowanych przez nas maszyn rolniczych, dzi\u0119ki czemu zawsze mo\u017cemy zapewni\u0107 profesjonalne wsparcie.<\/p>\n<\/div><\/div><\/div><\/div><\/div><\/div><\/div><\/div><\/div><\/div><\/section><section class=\"l-section wpb_row boxshadow height_medium with_img\"><div class=\"l-section-img\" style=\"background-image: url(https:\/\/www.agroteka.lt\/wp-content\/uploads\/bg-min.png);\" data-img-width=\"1366\" data-img-height=\"768\"><\/div><div class=\"l-section-h i-cf\"><div class=\"g-cols vc_row via_grid cols_1 laptops-cols_inherit tablets-cols_inherit mobiles-cols_1 valign_middle type_default stacking_default\" style=\"grid-gap:5rem;\"><div class=\"wpb_column vc_column_container\"><div class=\"vc_column-inner\"><div class=\"g-cols wpb_row via_grid cols_1 laptops-cols_inherit tablets-cols_inherit mobiles-cols_1 valign_top type_default stacking_default\"><div class=\"wpb_column vc_column_container\"><div class=\"vc_column-inner\"><div class=\"wpb_text_column\"><div class=\"wpb_wrapper\"><h2 style=\"text-align: center;\">Us\u0142ugi serwisowe<\/h2>\n<p style=\"text-align: center;\">Nasi wysoko wykwalifikowani in\u017cynierowie mechanicy \u015bwiadcz\u0105 r\u00f3\u017cnorodne us\u0142ugi serwisowe w zakresie maszyn rolniczych.<\/p>\n<\/div><\/div><div class=\"w-separator size_medium\"><\/div><\/div><\/div><\/div><div class=\"g-cols wpb_row via_grid cols_2 laptops-cols_inherit tablets-cols_inherit mobiles-cols_1 valign_top type_default stacking_default\"><div class=\"wpb_column vc_column_container\"><div class=\"vc_column-inner\"><div class=\"wpb_text_column\"><div class=\"wpb_wrapper\"><ul>\n<li>Wsparcie techniczne;<\/li>\n<li>Szeroki zakres napraw przez ca\u0142y okres eksploatacji maszyny;<\/li>\n<li>Konsultacje i porady;<\/li>\n<li>Przygotowanie sprz\u0119tu do pracy;<\/li>\n<li>Szkolenie w zakresie obs\u0142ugi maszyn;<\/li>\n<\/ul>\n<\/div><\/div><\/div><\/div><div class=\"wpb_column vc_column_container\"><div class=\"vc_column-inner\"><div class=\"wpb_text_column\"><div class=\"wpb_wrapper\"><ul>\n<li>Inspekcje maszyn po\/przed sezonem, przygotowanie ich do pracy;<\/li>\n<li>Kontrola opryskiwaczy \u015brodk\u00f3w ochrony ro\u015blin i sprz\u0119tu do opryskiwania;<\/li>\n<li>Ostrzenie no\u017cy w maszynach do przygotowywania pasz;<\/li>\n<li>Instalacja automatycznych uk\u0142ad\u00f3w kierowniczych.<\/li>\n<\/ul>\n<\/div><\/div><\/div><\/div><\/div><\/div><\/div><\/div><\/div><\/section><section class=\"l-section wpb_row height_medium\"><div class=\"l-section-h i-cf\"><div class=\"g-cols vc_row via_grid cols_1 laptops-cols_inherit tablets-cols_inherit mobiles-cols_1 valign_top type_default stacking_default\"><div class=\"wpb_column vc_column_container\"><div class=\"vc_column-inner\"><div class=\"g-cols wpb_row via_grid cols_1 laptops-cols_inherit tablets-cols_inherit mobiles-cols_1 valign_top type_default stacking_default\"><div class=\"wpb_column vc_column_container\"><div class=\"vc_column-inner\"><div class=\"wpb_text_column\"><div class=\"wpb_wrapper\"><h2 style=\"text-align: center;\">Stawki za us\u0142ugi<\/h2>\n<\/div><\/div><\/div><\/div><\/div><div class=\"w-separator size_small\"><\/div><div class=\"wpb_text_column\"><div class=\"wpb_wrapper\"><div id=\"tablepress-283-scroll-wrapper\" class=\"tablepress-scroll-wrapper\">\n\n<table id=\"tablepress-283\" class=\"tablepress tablepress-id-283 tablepress-responsive\">\n<thead>\n<tr class=\"row-1 odd\">\n\t<th class=\"column-1\"><\/th><th class=\"column-2\">Bez VAT, EUR<\/th>\n<\/tr>\n<\/thead>\n<tbody class=\"row-hover\">\n<tr class=\"row-2 even\">\n\t<td class=\"column-1\">Cena za godzin\u0119 us\u0142ugi w godzinach pracy*<\/td><td class=\"column-2\">65<\/td>\n<\/tr>\n<tr class=\"row-3 odd\">\n\t<td class=\"column-1\">Cena za godzin\u0119 us\u0142ugi poza godzinami pracy, w weekendy i \u015bwi\u0119ta pa\u0144stwowe<\/td><td class=\"column-2\">100<\/td>\n<\/tr>\n<tr class=\"row-4 even\">\n\t<td class=\"column-1\">Samoch\u00f3d serwisowy stawka 1 km**<\/td><td class=\"column-2\">0,65<\/td>\n<\/tr>\n<tr class=\"row-5 odd\">\n\t<td class=\"column-1\">Op\u0142ata za wezwanie w godzinach pracy<\/td><td class=\"column-2\">50<\/td>\n<\/tr>\n<tr class=\"row-6 even\">\n\t<td class=\"column-1\">Op\u0142aty za wezwanie poza godzinami pracy, w weekendy i dni \u015bwi\u0105teczne<\/td><td class=\"column-2\">100<\/td>\n<\/tr>\n<tr class=\"row-7 odd\">\n\t<td class=\"column-1\">Koszt sprz\u0119tu myj\u0105cego (tylko w Agrotece), 1 godzina.<\/td><td class=\"column-2\">80<\/td>\n<\/tr>\n<tr class=\"row-8 even\">\n\t<td class=\"column-1\">Wywa\u017canie wa\u0142\u00f3w po przybyciu klienta<\/td><td class=\"column-2\">371,90<\/td>\n<\/tr>\n<\/tbody>\n<\/table>\n\n<\/div><!-- #tablepress-283 from cache -->\n<\/div><\/div><div class=\"wpb_text_column\"><div class=\"wpb_wrapper\"><p><em>* standardowe godziny otwarcia 8:00-17:00 w dni powszednie.<\/em><br \/>\n<em>** kilometry liczone s\u0105 od UAB Agroteka, Perspektyvos g. 32, Kowno, do obiektu, kt\u00f3ry ma zosta\u0107 naprawiony w obu kierunkach.<br \/>\n<\/em><\/p>\n<p>Godziny us\u0142ug s\u0105 zaokr\u0105glane do najbli\u017cszych 15 minut.<\/p>\n<\/div><\/div><\/div><\/div><\/div><\/div><\/section><section class=\"l-section wpb_row boxshadow height_medium with_img\"><div class=\"l-section-img\" style=\"background-image: url(https:\/\/www.agroteka.lt\/wp-content\/uploads\/bg-min.png);\" data-img-width=\"1366\" data-img-height=\"768\"><\/div><div class=\"l-section-h i-cf\"><div class=\"g-cols vc_row via_grid cols_2 laptops-cols_inherit tablets-cols_inherit mobiles-cols_1 valign_middle type_default stacking_default\" style=\"grid-gap:5rem;\"><div class=\"wpb_column vc_column_container\"><div class=\"vc_column-inner\"><div class=\"w-image style_shadow-2 align_none\"><div class=\"w-image-h\"><div class=\"w-image-shadow\" style=\"background-image:url(https:\/\/www.agroteka.lt\/wp-content\/uploads\/agrotekos_servisas.jpg);\"><\/div><img width=\"1024\" height=\"767\" src=\"https:\/\/www.agroteka.lt\/wp-content\/uploads\/agrotekos_servisas.jpg\" class=\"attachment-large size-large\" alt=\"Serwis Agroteka\" decoding=\"async\" srcset=\"https:\/\/www.agroteka.lt\/wp-content\/uploads\/agrotekos_servisas.jpg 1024w, https:\/\/www.agroteka.lt\/wp-content\/uploads\/agrotekos_servisas-300x225.jpg 300w\" sizes=\"(max-width: 1024px) 100vw, 1024px\" \/><\/div><\/div><\/div><\/div><div class=\"wpb_column vc_column_container\"><div class=\"vc_column-inner\"><div class=\"wpb_text_column\"><div class=\"wpb_wrapper\"><h2 style=\"text-align: left;\">\u0141\u0105czno\u015b\u0107<\/h2>\n<p>Je\u015bli masz jakiekolwiek pytania lub potrzebujesz pomocy serwisowej, skontaktuj si\u0119 z nast\u0119puj\u0105cymi osobami:<\/p>\n<\/div><\/div><div class=\"w-separator size_small\"><\/div><h5 class=\"w-text us_custom_15b483e0 has_text_color icon_atleft\"><a href=\"tel:+370 612 15111\" class=\"w-text-h\"><i class=\"fas fa-mobile-alt\"><\/i><span class=\"w-text-value\">+370 612 15111<\/span><\/a><\/h5><div class=\"w-separator size_custom\" style=\"height:10px\"><\/div><h5 class=\"w-text us_custom_15b483e0 has_text_color icon_atleft\"><a href=\"mailto:servisas@agroteka.lt\" class=\"w-text-h\"><i class=\"far fa-envelope\"><\/i><span class=\"w-text-value\">servisas@agroteka.lt<\/span><\/a><\/h5><div class=\"w-separator size_custom\" style=\"height:10px\"><\/div><h5 class=\"w-text us_custom_15b483e0 has_text_color icon_atleft\"><span class=\"w-text-h\"><i class=\"far fa-map-marker-check\"><\/i><span class=\"w-text-value\">Perspektyvos St. 32, Kaunas<\/span><\/span><\/h5><\/div><\/div><\/div><\/div><\/section>","protected":false},"excerpt":{"rendered":"Strona g\u0142\u00f3wna\/StronyServisasProfesional\u016bs serviso specialistai Operatyvi technin\u0117 pagalbaServiso specialistai u\u017etikrina skland\u0173 technikos veikim\u0105, o esant gedimams operatyviai reaguoja \u012f i\u0161kvietimus ir atvyksta \u012f viet\u0105 visoje Lietuvoje. Auk\u0161\u010diausios kokyb\u0117s darbaiNaudojame pa\u017eangi\u0105 \u012frang\u0105 ir originalias dalis, tod\u0117l visi remonto ir prie\u017ei\u016bros darbai atliekami tiksliai ir kokybi\u0161kai. Profesionalus aptarnavimasGlaud\u017eiai bendradarbiaujame su atstovaujam\u0173 \u017eem\u0117s \u016bkio technikos gamintojais, tod\u0117l visada galime...","protected":false},"author":1,"featured_media":0,"parent":0,"menu_order":17,"comment_status":"closed","ping_status":"closed","template":"","meta":{"inline_featured_image":false,"footnotes":"","iawp_total_views":1024},"acf":[],"yoast_head":"<!-- This site is optimized with the Yoast SEO plugin v22.4 - https:\/\/yoast.com\/wordpress\/plugins\/seo\/ -->\n<title>\u017dem\u0117s \u016bkio technikos servisas ir aptarnavimas | Agroteka<\/title>\n<meta name=\"description\" content=\"\u017dem\u0117s \u016bkio technikos servisas - garantinis ir negarantinis aptarnavimas bei remontas, purk\u0161tuv\u0173 registracijos paslaugos. Visoje Lietuvoje.\" \/>\n<meta name=\"robots\" content=\"index, follow, max-snippet:-1, max-image-preview:large, max-video-preview:-1\" \/>\n<link rel=\"canonical\" href=\"https:\/\/www.agroteka.lt\/pl\/praca\/\" \/>\n<meta property=\"og:locale\" content=\"pl_PL\" \/>\n<meta property=\"og:type\" content=\"article\" \/>\n<meta property=\"og:title\" content=\"\u017dem\u0117s \u016bkio technikos servisas ir aptarnavimas | Agroteka\" \/>\n<meta property=\"og:description\" content=\"\u017dem\u0117s \u016bkio technikos servisas - garantinis ir negarantinis aptarnavimas bei remontas, purk\u0161tuv\u0173 registracijos paslaugos. Visoje Lietuvoje.\" \/>\n<meta property=\"og:url\" content=\"https:\/\/www.agroteka.lt\/pl\/praca\/\" \/>\n<meta property=\"og:site_name\" content=\"Agroteka\" \/>\n<meta property=\"article:publisher\" content=\"https:\/\/www.facebook.com\/uabagroteka\" \/>\n<meta property=\"article:modified_time\" content=\"2026-03-19T13:26:02+00:00\" \/>\n<meta name=\"twitter:card\" content=\"summary_large_image\" \/>\n<meta name=\"twitter:label1\" content=\"Szacowany czas czytania\" \/>\n\t<meta name=\"twitter:data1\" content=\"2 minuty\" \/>\n<script type=\"application\/ld+json\" class=\"yoast-schema-graph\">{\"@context\":\"https:\/\/schema.org\",\"@graph\":[{\"@type\":\"WebPage\",\"@id\":\"https:\/\/www.agroteka.lt\/servisas\/\",\"url\":\"https:\/\/www.agroteka.lt\/servisas\/\",\"name\":\"\u017dem\u0117s \u016bkio technikos servisas ir aptarnavimas | Agroteka\",\"isPartOf\":{\"@id\":\"https:\/\/www.agroteka.lt\/#website\"},\"datePublished\":\"2022-03-03T12:03:19+00:00\",\"dateModified\":\"2026-03-19T13:26:02+00:00\",\"description\":\"\u017dem\u0117s \u016bkio technikos servisas - garantinis ir negarantinis aptarnavimas bei remontas, purk\u0161tuv\u0173 registracijos paslaugos. Visoje Lietuvoje.\",\"breadcrumb\":{\"@id\":\"https:\/\/www.agroteka.lt\/servisas\/#breadcrumb\"},\"inLanguage\":\"pl-PL\",\"potentialAction\":[{\"@type\":\"ReadAction\",\"target\":[\"https:\/\/www.agroteka.lt\/servisas\/\"]}]},{\"@type\":\"BreadcrumbList\",\"@id\":\"https:\/\/www.agroteka.lt\/servisas\/#breadcrumb\",\"itemListElement\":[{\"@type\":\"ListItem\",\"position\":1,\"name\":\"Home\",\"item\":\"https:\/\/www.agroteka.lt\/\"},{\"@type\":\"ListItem\",\"position\":2,\"name\":\"Servisas\"}]},{\"@type\":\"WebSite\",\"@id\":\"https:\/\/www.agroteka.lt\/#website\",\"url\":\"https:\/\/www.agroteka.lt\/\",\"name\":\"Agroteka\",\"description\":\"\u017dem\u0117s \u016bkio technika, agro paslaugos, atsargin\u0117s dalys.\",\"publisher\":{\"@id\":\"https:\/\/www.agroteka.lt\/#organization\"},\"potentialAction\":[{\"@type\":\"SearchAction\",\"target\":{\"@type\":\"EntryPoint\",\"urlTemplate\":\"https:\/\/www.agroteka.lt\/?s={search_term_string}\"},\"query-input\":\"required name=search_term_string\"}],\"inLanguage\":\"pl-PL\"},{\"@type\":\"Organization\",\"@id\":\"https:\/\/www.agroteka.lt\/#organization\",\"name\":\"Agroteka\",\"url\":\"https:\/\/www.agroteka.lt\/\",\"logo\":{\"@type\":\"ImageObject\",\"inLanguage\":\"pl-PL\",\"@id\":\"https:\/\/www.agroteka.lt\/#\/schema\/logo\/image\/\",\"url\":\"https:\/\/www.agroteka.lt\/wp-content\/uploads\/Agroteka_logo_bg.jpg\",\"contentUrl\":\"https:\/\/www.agroteka.lt\/wp-content\/uploads\/Agroteka_logo_bg.jpg\",\"width\":1000,\"height\":422,\"caption\":\"Agroteka\"},\"image\":{\"@id\":\"https:\/\/www.agroteka.lt\/#\/schema\/logo\/image\/\"},\"sameAs\":[\"https:\/\/www.facebook.com\/uabagroteka\",\"https:\/\/www.youtube.com\/user\/UABAgroteka\"]}]}<\/script>\n<!-- \/ Yoast SEO plugin. -->","yoast_head_json":{"title":"Serwis i konserwacja maszyn rolniczych | Agroteka","description":"Serwis maszyn rolniczych \u2013 serwis gwarancyjny i pogwarancyjny, naprawy, rejestracja opryskiwaczy. Na terenie ca\u0142ej Litwy.","robots":{"index":"index","follow":"follow","max-snippet":"max-snippet:-1","max-image-preview":"max-image-preview:large","max-video-preview":"max-video-preview:-1"},"canonical":"https:\/\/www.agroteka.lt\/pl\/praca\/","og_locale":"pl_PL","og_type":"article","og_title":"\u017dem\u0117s \u016bkio technikos servisas ir aptarnavimas | Agroteka","og_description":"\u017dem\u0117s \u016bkio technikos servisas - garantinis ir negarantinis aptarnavimas bei remontas, purk\u0161tuv\u0173 registracijos paslaugos. Visoje Lietuvoje.","og_url":"https:\/\/www.agroteka.lt\/pl\/praca\/","og_site_name":"Agroteka","article_publisher":"https:\/\/www.facebook.com\/uabagroteka","article_modified_time":"2026-03-19T13:26:02+00:00","twitter_card":"summary_large_image","twitter_misc":{"Szacowany czas czytania":"2 minuty"},"schema":{"@context":"https:\/\/schema.org","@graph":[{"@type":"WebPage","@id":"https:\/\/www.agroteka.lt\/servisas\/","url":"https:\/\/www.agroteka.lt\/servisas\/","name":"Serwis i konserwacja maszyn rolniczych | Agroteka","isPartOf":{"@id":"https:\/\/www.agroteka.lt\/#website"},"datePublished":"2022-03-03T12:03:19+00:00","dateModified":"2026-03-19T13:26:02+00:00","description":"Serwis maszyn rolniczych \u2013 serwis gwarancyjny i pogwarancyjny, naprawy, rejestracja opryskiwaczy. Na terenie ca\u0142ej Litwy.","breadcrumb":{"@id":"https:\/\/www.agroteka.lt\/servisas\/#breadcrumb"},"inLanguage":"pl-PL","potentialAction":[{"@type":"ReadAction","target":["https:\/\/www.agroteka.lt\/servisas\/"]}]},{"@type":"BreadcrumbList","@id":"https:\/\/www.agroteka.lt\/servisas\/#breadcrumb","itemListElement":[{"@type":"ListItem","position":1,"name":"Home","item":"https:\/\/www.agroteka.lt\/"},{"@type":"ListItem","position":2,"name":"Servisas"}]},{"@type":"WebSite","@id":"https:\/\/www.agroteka.lt\/#website","url":"https:\/\/www.agroteka.lt\/","name":"Agrotech","description":"Maszyny rolnicze, us\u0142ugi rolnicze, cz\u0119\u015bci zamienne.","publisher":{"@id":"https:\/\/www.agroteka.lt\/#organization"},"potentialAction":[{"@type":"SearchAction","target":{"@type":"EntryPoint","urlTemplate":"https:\/\/www.agroteka.lt\/?s={search_term_string}"},"query-input":"required name=search_term_string"}],"inLanguage":"pl-PL"},{"@type":"Organization","@id":"https:\/\/www.agroteka.lt\/#organization","name":"Agrotech","url":"https:\/\/www.agroteka.lt\/","logo":{"@type":"ImageObject","inLanguage":"pl-PL","@id":"https:\/\/www.agroteka.lt\/#\/schema\/logo\/image\/","url":"https:\/\/www.agroteka.lt\/wp-content\/uploads\/Agroteka_logo_bg.jpg","contentUrl":"https:\/\/www.agroteka.lt\/wp-content\/uploads\/Agroteka_logo_bg.jpg","width":1000,"height":422,"caption":"Agroteka"},"image":{"@id":"https:\/\/www.agroteka.lt\/#\/schema\/logo\/image\/"},"sameAs":["https:\/\/www.facebook.com\/uabagroteka","https:\/\/www.youtube.com\/user\/UABAgroteka"]}]}},"_links":{"self":[{"href":"https:\/\/www.agroteka.lt\/pl\/wp-json\/wp\/v2\/pages\/295"}],"collection":[{"href":"https:\/\/www.agroteka.lt\/pl\/wp-json\/wp\/v2\/pages"}],"about":[{"href":"https:\/\/www.agroteka.lt\/pl\/wp-json\/wp\/v2\/types\/page"}],"author":[{"embeddable":true,"href":"https:\/\/www.agroteka.lt\/pl\/wp-json\/wp\/v2\/users\/1"}],"replies":[{"embeddable":true,"href":"https:\/\/www.agroteka.lt\/pl\/wp-json\/wp\/v2\/comments?post=295"}],"version-history":[{"count":27,"href":"https:\/\/www.agroteka.lt\/pl\/wp-json\/wp\/v2\/pages\/295\/revisions"}],"predecessor-version":[{"id":19873,"href":"https:\/\/www.agroteka.lt\/pl\/wp-json\/wp\/v2\/pages\/295\/revisions\/19873"}],"wp:attachment":[{"href":"https:\/\/www.agroteka.lt\/pl\/wp-json\/wp\/v2\/media?parent=295"}],"curies":[{"name":"wp","href":"https:\/\/api.w.org\/{rel}","templated":true}]}}