{"id":6195,"date":"2022-12-15T16:57:14","date_gmt":"2022-12-15T13:57:14","guid":{"rendered":"https:\/\/www.agroteka.lt\/?page_id=6195"},"modified":"2025-12-15T16:51:21","modified_gmt":"2025-12-15T13:51:21","slug":"ipasie-piedavajumi","status":"publish","type":"page","link":"https:\/\/www.agroteka.lt\/lv\/ypatingi-pasiulymai\/","title":{"rendered":"\u012apa\u0161ie pied\u0101v\u0101jumi"},"content":{"rendered":"<section class=\"l-section wpb_row us_custom_636e3af2 height_medium color_alternate\"><div class=\"l-section-h i-cf\"><div class=\"g-cols vc_row via_grid cols_4-1 laptops-cols_inherit tablets-cols_inherit mobiles-cols_1 valign_middle type_default stacking_default\"><div class=\"wpb_column vc_column_container\"><div class=\"vc_column-inner\"><ol class=\"g-breadcrumbs us_custom_5c006ea7 has_text_color separator_custom align_none\" itemscope itemtype=\"http:\/\/schema.org\/BreadcrumbList\"><li class=\"g-breadcrumbs-item\" itemscope itemprop=\"itemListElement\" itemtype=\"http:\/\/schema.org\/ListItem\"><a itemprop=\"item\" href=\"https:\/\/www.agroteka.lt\/lv\/\"><span itemprop=\"name\">S\u0101kumlapa<\/span><\/a><meta itemprop=\"position\" content=\"1\"\/><\/li><li class=\"g-breadcrumbs-separator\">\/<\/li><li class=\"g-breadcrumbs-item\">Lapas<\/li><\/ol><div class=\"w-separator size_small\"><\/div><h1 class=\"w-post-elm post_title us_custom_8e46ea77 entry-title color_link_inherit\">Ypatingi pasi\u016blymai<\/h1><\/div><\/div><div class=\"wpb_column vc_column_container\"><div class=\"vc_column-inner\"><\/div><\/div><\/div><\/div><\/section><section class=\"l-section wpb_row boxshadow height_medium\"><div class=\"l-section-h i-cf\"><div class=\"g-cols vc_row via_grid cols_1 laptops-cols_inherit tablets-cols_inherit mobiles-cols_1 valign_middle type_default stacking_default\"><div class=\"wpb_column vc_column_container\"><div class=\"vc_column-inner\"><div class=\"g-cols wpb_row via_grid cols_1 laptops-cols_inherit tablets-cols_inherit mobiles-cols_1 valign_top type_default stacking_default\"><div class=\"wpb_column vc_column_container\"><div class=\"vc_column-inner\"><div class=\"wpb_text_column\"><div class=\"wpb_wrapper\"><p>Special\u016bs pasi\u016blymai naujai bei naudotai technikai \u2013 paskutiniai turimi vienetai i\u0161 m\u016bs\u0173 technikos parko, ypatingos sezonin\u0117s akcijos bei naudota technika u\u017e ger\u0105 kain\u0105.\u00a0 I\u0161sirinkite ir atsinaujinkite savo technikos park\u0105 jau \u0161iandien! Visai m\u016bs\u0173 atstovaujamai technikai suteikiame piln\u0105 garantin\u012f aptarnavim\u0105.<\/p>\n<\/div><\/div><\/div><\/div><\/div><div class=\"w-separator size_medium\"><\/div><div class=\"w-grid type_grid layout_5539 cols_4 overflow_hidden\" id=\"us_grid_1\"><style>#us_grid_1 .w-grid-item{padding:0.5rem}#us_grid_1 .w-grid-list{margin:-0.5rem}.w-grid + #us_grid_1 .w-grid-list,.w-grid-none + #us_grid_1 .w-grid-list{margin-top:0.5rem}@media (max-width:899px){#us_grid_1 .w-grid-item{width:50%}}@media (max-width:599px){#us_grid_1 .w-grid-list{margin:0}#us_grid_1 .w-grid-item{width:100%;padding:0;margin-bottom:0.5rem}}.layout_5539 .w-grid-item-h{background:var(--color-content-bg);color:var(--color-content-heading);box-shadow:0 0.03rem 0.06rem rgba(0,0,0,0.1),0 0.1rem 0.3rem rgba(0,0,0,0.1);transition-duration:0.3s}.no-touch .layout_5539 .w-grid-item-h:hover{box-shadow:0 0.12rem 0.24rem rgba(0,0,0,0.1),0 0.4rem 1.2rem rgba(0,0,0,0.15);z-index:4}.layout_5539 .usg_vwrapper_1{padding:0.8rem 1.5rem 1.5rem 1.5rem!important}.layout_5539 .usg_hwrapper_1{margin-bottom:0.3rem!important}.layout_5539 .usg_post_title_1{color:inherit!important;font-weight:700!important;font-size:1.4rem!important}.layout_5539 .usg_post_taxonomy_2{color:#b8b8b8!important;font-weight:700!important;text-transform:uppercase!important;font-size:14px!important;margin-right:0.6rem!important}.layout_5539 .usg_post_custom_field_2{color:#ffffff!important;font-weight:700!important;text-transform:uppercase!important;font-size:11px!important;width:24%!important;padding-left:0.5rem!important;padding-top:0.1rem!important;padding-bottom:0.1rem!important;position:absolute!important;left:1.2rem!important;top:1.2rem!important;right:1.2rem!important;background:#cb2a3c!important}@media (min-width:1025px) and (max-width:1280px){.layout_5539 .usg_post_custom_field_2{width:24%!important}}@media (min-width:601px) and (max-width:1024px){.layout_5539 .usg_post_custom_field_2{width:24%!important}}@media (max-width:600px){.layout_5539 .usg_post_title_1{font-size:1.2rem!important}.layout_5539 .usg_post_custom_field_2{min-width:2rem!important}}<\/style><div class=\"w-grid-list\">\t<article class=\"w-grid-item size_1x1 post-7390 page type-page status-publish has-post-thumbnail hentry\" data-id=\"7390\">\r\n\t\t<div class=\"w-grid-item-h\">\r\n\t\t\t\t\t\t\t<a class=\"w-grid-item-anchor\" href=\"https:\/\/www.agroteka.lt\/lv\/technika-sandelyje\/\" rel=\"bookmark\" aria-label=\"Nauja technika sand\u0117lyje\"><\/a>\r\n\t\t\t\t\t\t<div class=\"w-post-elm post_image usg_post_image_1 stretched\"><a href=\"https:\/\/www.agroteka.lt\/lv\/technika-sandelyje\/\" aria-label=\"Nauja technika sand\u0117lyje\"><img width=\"600\" height=\"400\" src=\"https:\/\/www.agroteka.lt\/wp-content\/uploads\/Naujos-technikos-kategorija-600x400-1.jpg\" class=\"attachment-us_600_600_crop size-us_600_600_crop wp-post-image\" alt=\"\" decoding=\"async\" srcset=\"https:\/\/www.agroteka.lt\/wp-content\/uploads\/Naujos-technikos-kategorija-600x400-1.jpg 600w, https:\/\/www.agroteka.lt\/wp-content\/uploads\/Naujos-technikos-kategorija-600x400-1-300x200.jpg 300w, https:\/\/www.agroteka.lt\/wp-content\/uploads\/Naujos-technikos-kategorija-600x400-1-18x12.jpg 18w, https:\/\/www.agroteka.lt\/wp-content\/uploads\/Naujos-technikos-kategorija-600x400-1-500x333.jpg 500w\" sizes=\"(max-width: 600px) 100vw, 600px\" \/><\/a><\/div><div class=\"w-vwrapper usg_vwrapper_1 align_none valign_top\"><div class=\"w-hwrapper usg_hwrapper_1 align_none valign_middle\" style=\"--hwrapper-gap:1.20rem\"><\/div><h2 class=\"w-post-elm post_title usg_post_title_1 entry-title color_link_inherit\"><a href=\"https:\/\/www.agroteka.lt\/lv\/technika-sandelyje\/\">Nauja technika sand\u0117lyje<\/a><\/h2><div class=\"w-post-elm post_custom_field usg_post_custom_field_3 type_text\"><span class=\"w-post-elm-value\">Nauja m\u016bs\u0173 atstovaujam\u0173 gamintoj\u0173 \u017eem\u0117s \u016bkio technika<\/span><\/div><div class=\"w-post-elm post_custom_field usg_post_custom_field_1 type_text\"><span class=\"w-post-elm-value\"><\/span><\/div><\/div>\t\t<\/div>\r\n\t<\/article>\r\n\t<article class=\"w-grid-item size_1x1 post-5888 page type-page status-publish has-post-thumbnail hentry\" data-id=\"5888\">\r\n\t\t<div class=\"w-grid-item-h\">\r\n\t\t\t\t\t\t\t<a class=\"w-grid-item-anchor\" href=\"https:\/\/www.agroteka.lt\/lv\/naudota-technika\/\" rel=\"bookmark\" aria-label=\"Naudota technika\"><\/a>\r\n\t\t\t\t\t\t<div class=\"w-post-elm post_image usg_post_image_1 stretched\"><a href=\"https:\/\/www.agroteka.lt\/lv\/naudota-technika\/\" aria-label=\"Naudota technika\"><img width=\"600\" height=\"400\" src=\"https:\/\/www.agroteka.lt\/wp-content\/uploads\/Naudotos-technikos-kategorija-600x400-1.jpg\" class=\"attachment-us_600_600_crop size-us_600_600_crop wp-post-image\" alt=\"\" decoding=\"async\" srcset=\"https:\/\/www.agroteka.lt\/wp-content\/uploads\/Naudotos-technikos-kategorija-600x400-1.jpg 600w, https:\/\/www.agroteka.lt\/wp-content\/uploads\/Naudotos-technikos-kategorija-600x400-1-300x200.jpg 300w, https:\/\/www.agroteka.lt\/wp-content\/uploads\/Naudotos-technikos-kategorija-600x400-1-18x12.jpg 18w, https:\/\/www.agroteka.lt\/wp-content\/uploads\/Naudotos-technikos-kategorija-600x400-1-500x333.jpg 500w\" sizes=\"(max-width: 600px) 100vw, 600px\" \/><\/a><\/div><div class=\"w-vwrapper usg_vwrapper_1 align_none valign_top\"><div class=\"w-hwrapper usg_hwrapper_1 align_none valign_middle\" style=\"--hwrapper-gap:1.20rem\"><\/div><h2 class=\"w-post-elm post_title usg_post_title_1 entry-title color_link_inherit\"><a href=\"https:\/\/www.agroteka.lt\/lv\/naudota-technika\/\">Naudota technika<\/a><\/h2><div class=\"w-post-elm post_custom_field usg_post_custom_field_3 type_text\"><span class=\"w-post-elm-value\">Tiek m\u016bs\u0173 atstovaujam\u0173 gamintoj\u0173, tiek kit\u0173 naudota technika<\/span><\/div><div class=\"w-post-elm post_custom_field usg_post_custom_field_1 type_text\"><span class=\"w-post-elm-value\"><\/span><\/div><\/div>\t\t<\/div>\r\n\t<\/article>\r\n<\/div><div class=\"w-grid-preloader\"><div class=\"g-preloader type_1\">\r\n\t<div><\/div>\r\n<\/div>\r\n<\/div>\t<div class=\"w-grid-json hidden\" onclick='return {&quot;action&quot;:&quot;us_ajax_grid&quot;,&quot;ajax_url&quot;:&quot;https:\\\/\\\/www.agroteka.lt\\\/wp-admin\\\/admin-ajax.php&quot;,&quot;infinite_scroll&quot;:0,&quot;max_num_pages&quot;:1,&quot;pagination&quot;:&quot;none&quot;,&quot;permalink_url&quot;:&quot;https:\\\/\\\/www.agroteka.lt\\\/lv\\\/wp-json\\\/wp\\\/v2\\\/pages\\\/6195&quot;,&quot;template_vars&quot;:{&quot;columns&quot;:&quot;4&quot;,&quot;exclude_items&quot;:&quot;none&quot;,&quot;img_size&quot;:&quot;default&quot;,&quot;ignore_items_size&quot;:false,&quot;items_layout&quot;:&quot;5539&quot;,&quot;items_offset&quot;:&quot;1&quot;,&quot;load_animation&quot;:&quot;none&quot;,&quot;overriding_link&quot;:&quot;post&quot;,&quot;post_id&quot;:6195,&quot;query_args&quot;:{&quot;ignore_sticky_posts&quot;:1,&quot;post_type&quot;:&quot;any&quot;,&quot;post__in&quot;:[&quot;5888&quot;,&quot;7390&quot;],&quot;posts_per_page&quot;:&quot;20&quot;},&quot;orderby_query_args&quot;:{&quot;orderby&quot;:{&quot;post__in&quot;:&quot;ASC&quot;},&quot;order&quot;:&quot;ASC&quot;},&quot;type&quot;:&quot;grid&quot;,&quot;us_grid_ajax_index&quot;:1,&quot;us_grid_filter_params&quot;:null,&quot;us_grid_index&quot;:1,&quot;_us_grid_post_type&quot;:&quot;ids&quot;}}'><\/div>\r\n\t<\/div><\/div><\/div><\/div><\/div><\/section><section class=\"l-section wpb_row height_medium\"><div class=\"l-section-h i-cf\"><div class=\"g-cols vc_row via_grid cols_1 laptops-cols_inherit tablets-cols_inherit mobiles-cols_1 valign_top type_default stacking_default\"><div class=\"wpb_column vc_column_container\"><div class=\"vc_column-inner\"><div class=\"wpb_text_column\"><div class=\"wpb_wrapper\"><h3>Ypatingi pasi\u016blymai &#8211; technika geromis kainomis!<\/h3>\n<\/div><\/div><div class=\"w-separator size_medium\"><\/div><div class=\"wpb_text_column with_collapsible_content\" data-content-height=\"100px\"><div class=\"wpb_wrapper\"><p>Patikima \u017eem\u0117s \u016bkio technika ypatingai geromis kainomis &#8211; \u017eem\u0117s dirbimo, s\u0117jos, m\u0117\u0161lo tvarkymo, pa\u0161ar\u0173 ruo\u0161imo ir kita technika! Paskutiniai vienetai esantys m\u016bs\u0173 technikos parke u\u017e geresn\u0119 kain\u0105!<\/p>\n<p><!--more--><\/p>\n<p>Vis\u0105 nauj\u0105 technik\u0105 technik\u0105 darbui pristatome su m\u016bs\u0173 transportu, taip pat apmokome dirbti apmokyti dirbti ir u\u017etikriname piln\u0105 garantin\u012f aptarnavim\u0105.<\/p>\n<\/div><div class=\"toggle-links align_none\"><button class=\"collapsible-content-more\">Rodyti daugiau<\/button><button class=\"collapsible-content-less\">Rodyti ma\u017eiau<\/button><\/div><\/div><\/div><\/div><\/div><\/div><\/section>\n","protected":false},"excerpt":{"rendered":"<p>Uzticama lauksaimniec\u012bbas tehnika par \u012bpa\u0161i lab\u0101m cen\u0101m \u2013 augsnes apstr\u0101de, s\u0113ja, k\u016btsm\u0113slu apstr\u0101de, lopbar\u012bbas sagatavo\u0161ana un cita tehnika! P\u0113d\u0113j\u0101s vien\u012bbas m\u016bsu autopark\u0101 par izdev\u012bg\u0101ku cenu!<\/p>","protected":false},"author":2,"featured_media":5895,"parent":0,"menu_order":2,"comment_status":"closed","ping_status":"closed","template":"","meta":{"inline_featured_image":false,"footnotes":"","iawp_total_views":328},"acf":[],"yoast_head":"<!-- This site is optimized with the Yoast SEO plugin v22.4 - https:\/\/yoast.com\/wordpress\/plugins\/seo\/ -->\n<title>Ypatingi pasi\u016blymai - technika geromis kainomis | Agroteka<\/title>\n<meta name=\"description\" content=\"\u017dem\u0117s \u016bkio technika itin geromis kainomis. \u017dem\u0117s dirbimo, tr\u0119\u0161imo, s\u0117jos ir kita technik\u0105 u\u017e patraukli\u0105 kain\u0105.\" \/>\n<meta name=\"robots\" content=\"index, follow, max-snippet:-1, max-image-preview:large, max-video-preview:-1\" \/>\n<link rel=\"canonical\" href=\"https:\/\/www.agroteka.lt\/lv\/ipasie-piedavajumi\/\" \/>\n<meta property=\"og:locale\" content=\"lv_LV\" \/>\n<meta property=\"og:type\" content=\"article\" \/>\n<meta property=\"og:title\" content=\"Ypatingi pasi\u016blymai - technika geromis kainomis | Agroteka\" \/>\n<meta property=\"og:description\" content=\"\u017dem\u0117s \u016bkio technika itin geromis kainomis. \u017dem\u0117s dirbimo, tr\u0119\u0161imo, s\u0117jos ir kita technik\u0105 u\u017e patraukli\u0105 kain\u0105.\" \/>\n<meta property=\"og:url\" content=\"https:\/\/www.agroteka.lt\/lv\/ipasie-piedavajumi\/\" \/>\n<meta property=\"og:site_name\" content=\"Agroteka\" \/>\n<meta property=\"article:publisher\" content=\"https:\/\/www.facebook.com\/uabagroteka\" \/>\n<meta property=\"article:modified_time\" content=\"2025-12-15T13:51:21+00:00\" \/>\n<meta property=\"og:image\" content=\"https:\/\/www.agroteka.lt\/wp-content\/uploads\/agroteka_naudota_technika.jpg\" \/>\n\t<meta property=\"og:image:width\" content=\"600\" \/>\n\t<meta property=\"og:image:height\" content=\"400\" \/>\n\t<meta property=\"og:image:type\" content=\"image\/jpeg\" \/>\n<meta name=\"twitter:card\" content=\"summary_large_image\" \/>\n<meta name=\"twitter:label1\" content=\"Est. reading time\" \/>\n\t<meta name=\"twitter:data1\" content=\"1 min\u016bte\" \/>\n<script type=\"application\/ld+json\" class=\"yoast-schema-graph\">{\"@context\":\"https:\/\/schema.org\",\"@graph\":[{\"@type\":\"WebPage\",\"@id\":\"https:\/\/www.agroteka.lt\/ypatingi-pasiulymai\/\",\"url\":\"https:\/\/www.agroteka.lt\/ypatingi-pasiulymai\/\",\"name\":\"Ypatingi pasi\u016blymai - technika geromis kainomis | Agroteka\",\"isPartOf\":{\"@id\":\"https:\/\/www.agroteka.lt\/#website\"},\"primaryImageOfPage\":{\"@id\":\"https:\/\/www.agroteka.lt\/ypatingi-pasiulymai\/#primaryimage\"},\"image\":{\"@id\":\"https:\/\/www.agroteka.lt\/ypatingi-pasiulymai\/#primaryimage\"},\"thumbnailUrl\":\"https:\/\/www.agroteka.lt\/wp-content\/uploads\/agroteka_naudota_technika.jpg\",\"datePublished\":\"2022-12-15T13:57:14+00:00\",\"dateModified\":\"2025-12-15T13:51:21+00:00\",\"description\":\"\u017dem\u0117s \u016bkio technika itin geromis kainomis. \u017dem\u0117s dirbimo, tr\u0119\u0161imo, s\u0117jos ir kita technik\u0105 u\u017e patraukli\u0105 kain\u0105.\",\"breadcrumb\":{\"@id\":\"https:\/\/www.agroteka.lt\/ypatingi-pasiulymai\/#breadcrumb\"},\"inLanguage\":\"lv\",\"potentialAction\":[{\"@type\":\"ReadAction\",\"target\":[\"https:\/\/www.agroteka.lt\/ypatingi-pasiulymai\/\"]}]},{\"@type\":\"ImageObject\",\"inLanguage\":\"lv\",\"@id\":\"https:\/\/www.agroteka.lt\/ypatingi-pasiulymai\/#primaryimage\",\"url\":\"https:\/\/www.agroteka.lt\/wp-content\/uploads\/agroteka_naudota_technika.jpg\",\"contentUrl\":\"https:\/\/www.agroteka.lt\/wp-content\/uploads\/agroteka_naudota_technika.jpg\",\"width\":600,\"height\":400,\"caption\":\"Naudota technika\"},{\"@type\":\"BreadcrumbList\",\"@id\":\"https:\/\/www.agroteka.lt\/ypatingi-pasiulymai\/#breadcrumb\",\"itemListElement\":[{\"@type\":\"ListItem\",\"position\":1,\"name\":\"Home\",\"item\":\"https:\/\/www.agroteka.lt\/\"},{\"@type\":\"ListItem\",\"position\":2,\"name\":\"Ypatingi pasi\u016blymai\"}]},{\"@type\":\"WebSite\",\"@id\":\"https:\/\/www.agroteka.lt\/#website\",\"url\":\"https:\/\/www.agroteka.lt\/\",\"name\":\"Agroteka\",\"description\":\"\u017dem\u0117s \u016bkio technika, agro paslaugos, atsargin\u0117s dalys.\",\"publisher\":{\"@id\":\"https:\/\/www.agroteka.lt\/#organization\"},\"potentialAction\":[{\"@type\":\"SearchAction\",\"target\":{\"@type\":\"EntryPoint\",\"urlTemplate\":\"https:\/\/www.agroteka.lt\/?s={search_term_string}\"},\"query-input\":\"required name=search_term_string\"}],\"inLanguage\":\"lv\"},{\"@type\":\"Organization\",\"@id\":\"https:\/\/www.agroteka.lt\/#organization\",\"name\":\"Agroteka\",\"url\":\"https:\/\/www.agroteka.lt\/\",\"logo\":{\"@type\":\"ImageObject\",\"inLanguage\":\"lv\",\"@id\":\"https:\/\/www.agroteka.lt\/#\/schema\/logo\/image\/\",\"url\":\"https:\/\/www.agroteka.lt\/wp-content\/uploads\/Agroteka_logo_bg.jpg\",\"contentUrl\":\"https:\/\/www.agroteka.lt\/wp-content\/uploads\/Agroteka_logo_bg.jpg\",\"width\":1000,\"height\":422,\"caption\":\"Agroteka\"},\"image\":{\"@id\":\"https:\/\/www.agroteka.lt\/#\/schema\/logo\/image\/\"},\"sameAs\":[\"https:\/\/www.facebook.com\/uabagroteka\",\"https:\/\/www.youtube.com\/user\/UABAgroteka\"]}]}<\/script>\n<!-- \/ Yoast SEO plugin. -->","yoast_head_json":{"title":"\u012apa\u0161ie pied\u0101v\u0101jumi - tehnika par lab\u0101m cen\u0101m | Agroteka","description":"Lauksaimniec\u012bbas tehnika par \u013coti lab\u0101m cen\u0101m. Augsnes apstr\u0101de, m\u0113slo\u0161ana, s\u0113ja un cita tehnika par pievilc\u012bg\u0101m cen\u0101m.","robots":{"index":"index","follow":"follow","max-snippet":"max-snippet:-1","max-image-preview":"max-image-preview:large","max-video-preview":"max-video-preview:-1"},"canonical":"https:\/\/www.agroteka.lt\/lv\/ipasie-piedavajumi\/","og_locale":"lv_LV","og_type":"article","og_title":"Ypatingi pasi\u016blymai - technika geromis kainomis | Agroteka","og_description":"\u017dem\u0117s \u016bkio technika itin geromis kainomis. \u017dem\u0117s dirbimo, tr\u0119\u0161imo, s\u0117jos ir kita technik\u0105 u\u017e patraukli\u0105 kain\u0105.","og_url":"https:\/\/www.agroteka.lt\/lv\/ipasie-piedavajumi\/","og_site_name":"Agroteka","article_publisher":"https:\/\/www.facebook.com\/uabagroteka","article_modified_time":"2025-12-15T13:51:21+00:00","og_image":[{"width":600,"height":400,"url":"https:\/\/www.agroteka.lt\/wp-content\/uploads\/agroteka_naudota_technika.jpg","type":"image\/jpeg"}],"twitter_card":"summary_large_image","twitter_misc":{"Est. reading time":"1 min\u016bte"},"schema":{"@context":"https:\/\/schema.org","@graph":[{"@type":"WebPage","@id":"https:\/\/www.agroteka.lt\/ypatingi-pasiulymai\/","url":"https:\/\/www.agroteka.lt\/ypatingi-pasiulymai\/","name":"\u012apa\u0161ie pied\u0101v\u0101jumi - tehnika par lab\u0101m cen\u0101m | Agroteka","isPartOf":{"@id":"https:\/\/www.agroteka.lt\/#website"},"primaryImageOfPage":{"@id":"https:\/\/www.agroteka.lt\/ypatingi-pasiulymai\/#primaryimage"},"image":{"@id":"https:\/\/www.agroteka.lt\/ypatingi-pasiulymai\/#primaryimage"},"thumbnailUrl":"https:\/\/www.agroteka.lt\/wp-content\/uploads\/agroteka_naudota_technika.jpg","datePublished":"2022-12-15T13:57:14+00:00","dateModified":"2025-12-15T13:51:21+00:00","description":"Lauksaimniec\u012bbas tehnika par \u013coti lab\u0101m cen\u0101m. Augsnes apstr\u0101de, m\u0113slo\u0161ana, s\u0113ja un cita tehnika par pievilc\u012bg\u0101m cen\u0101m.","breadcrumb":{"@id":"https:\/\/www.agroteka.lt\/ypatingi-pasiulymai\/#breadcrumb"},"inLanguage":"lv","potentialAction":[{"@type":"ReadAction","target":["https:\/\/www.agroteka.lt\/ypatingi-pasiulymai\/"]}]},{"@type":"ImageObject","inLanguage":"lv","@id":"https:\/\/www.agroteka.lt\/ypatingi-pasiulymai\/#primaryimage","url":"https:\/\/www.agroteka.lt\/wp-content\/uploads\/agroteka_naudota_technika.jpg","contentUrl":"https:\/\/www.agroteka.lt\/wp-content\/uploads\/agroteka_naudota_technika.jpg","width":600,"height":400,"caption":"Naudota technika"},{"@type":"BreadcrumbList","@id":"https:\/\/www.agroteka.lt\/ypatingi-pasiulymai\/#breadcrumb","itemListElement":[{"@type":"ListItem","position":1,"name":"Home","item":"https:\/\/www.agroteka.lt\/"},{"@type":"ListItem","position":2,"name":"Ypatingi pasi\u016blymai"}]},{"@type":"WebSite","@id":"https:\/\/www.agroteka.lt\/#website","url":"https:\/\/www.agroteka.lt\/","name":"Agroteka","description":"Lauksaimniec\u012bbas tehnika, lauksaimniec\u012bbas pakalpojumi, rezerves da\u013cas.","publisher":{"@id":"https:\/\/www.agroteka.lt\/#organization"},"potentialAction":[{"@type":"SearchAction","target":{"@type":"EntryPoint","urlTemplate":"https:\/\/www.agroteka.lt\/?s={search_term_string}"},"query-input":"required name=search_term_string"}],"inLanguage":"lv"},{"@type":"Organization","@id":"https:\/\/www.agroteka.lt\/#organization","name":"Agroteka","url":"https:\/\/www.agroteka.lt\/","logo":{"@type":"ImageObject","inLanguage":"lv","@id":"https:\/\/www.agroteka.lt\/#\/schema\/logo\/image\/","url":"https:\/\/www.agroteka.lt\/wp-content\/uploads\/Agroteka_logo_bg.jpg","contentUrl":"https:\/\/www.agroteka.lt\/wp-content\/uploads\/Agroteka_logo_bg.jpg","width":1000,"height":422,"caption":"Agroteka"},"image":{"@id":"https:\/\/www.agroteka.lt\/#\/schema\/logo\/image\/"},"sameAs":["https:\/\/www.facebook.com\/uabagroteka","https:\/\/www.youtube.com\/user\/UABAgroteka"]}]}},"_links":{"self":[{"href":"https:\/\/www.agroteka.lt\/lv\/wp-json\/wp\/v2\/pages\/6195"}],"collection":[{"href":"https:\/\/www.agroteka.lt\/lv\/wp-json\/wp\/v2\/pages"}],"about":[{"href":"https:\/\/www.agroteka.lt\/lv\/wp-json\/wp\/v2\/types\/page"}],"author":[{"embeddable":true,"href":"https:\/\/www.agroteka.lt\/lv\/wp-json\/wp\/v2\/users\/2"}],"replies":[{"embeddable":true,"href":"https:\/\/www.agroteka.lt\/lv\/wp-json\/wp\/v2\/comments?post=6195"}],"version-history":[{"count":31,"href":"https:\/\/www.agroteka.lt\/lv\/wp-json\/wp\/v2\/pages\/6195\/revisions"}],"predecessor-version":[{"id":17831,"href":"https:\/\/www.agroteka.lt\/lv\/wp-json\/wp\/v2\/pages\/6195\/revisions\/17831"}],"wp:featuredmedia":[{"embeddable":true,"href":"https:\/\/www.agroteka.lt\/lv\/wp-json\/wp\/v2\/media\/5895"}],"wp:attachment":[{"href":"https:\/\/www.agroteka.lt\/lv\/wp-json\/wp\/v2\/media?parent=6195"}],"curies":[{"name":"wp","href":"https:\/\/api.w.org\/{rel}","templated":true}]}}