{"id":295,"date":"2022-03-03T15:03:19","date_gmt":"2022-03-03T12:03:19","guid":{"rendered":"http:\/\/92.62.138.38\/?page_id=295"},"modified":"2026-03-19T16:26:02","modified_gmt":"2026-03-19T13:26:02","slug":"pakalpojums","status":"publish","type":"page","link":"https:\/\/www.agroteka.lt\/lv\/servisas\/","title":{"rendered":"Pakalpojums"},"content":{"rendered":"<section class=\"l-section wpb_row us_custom_e7c3a50b height_medium color_alternate\"><div class=\"l-section-h i-cf\"><div class=\"g-cols vc_row via_grid cols_4-1 laptops-cols_inherit tablets-cols_inherit mobiles-cols_1 valign_middle type_default stacking_default\"><div class=\"wpb_column vc_column_container\"><div class=\"vc_column-inner\"><ol class=\"g-breadcrumbs us_custom_5c006ea7 has_text_color separator_custom align_none\" itemscope itemtype=\"http:\/\/schema.org\/BreadcrumbList\"><li class=\"g-breadcrumbs-item\" itemscope itemprop=\"itemListElement\" itemtype=\"http:\/\/schema.org\/ListItem\"><a itemprop=\"item\" href=\"https:\/\/www.agroteka.lt\/lv\/\"><span itemprop=\"name\">S\u0101kumlapa<\/span><\/a><meta itemprop=\"position\" content=\"1\"\/><\/li><li class=\"g-breadcrumbs-separator\">\/<\/li><li class=\"g-breadcrumbs-item\">Lapas<\/li><\/ol><div class=\"w-separator size_small\"><\/div><h1 class=\"w-post-elm post_title us_custom_8e46ea77 entry-title color_link_inherit\">Pakalpojums<\/h1><\/div><\/div><div class=\"wpb_column vc_column_container\"><div class=\"vc_column-inner\"><\/div><\/div><\/div><\/div><\/section><section class=\"l-section wpb_row height_medium\"><div class=\"l-section-h i-cf\"><div class=\"g-cols vc_row via_grid cols_1 laptops-cols_inherit tablets-cols_inherit mobiles-cols_1 valign_middle type_default stacking_default\"><div class=\"wpb_column vc_column_container\"><div class=\"vc_column-inner\"><div class=\"g-cols wpb_row via_grid cols_1 laptops-cols_inherit tablets-cols_inherit mobiles-cols_1 valign_top type_default stacking_default\"><div class=\"wpb_column vc_column_container\"><div class=\"vc_column-inner\"><div class=\"wpb_text_column\"><div class=\"wpb_wrapper\"><h2 style=\"text-align: center;\">Profesion\u0101li servisa tehni\u0137i<\/h2>\n<\/div><\/div><\/div><\/div><\/div><div class=\"w-separator size_large\"><\/div><div class=\"g-cols wpb_row via_grid cols_3 laptops-cols_inherit tablets-cols_inherit mobiles-cols_1 valign_top type_default stacking_default\"><div class=\"wpb_column vc_column_container\"><div class=\"vc_column-inner\"><div class=\"w-iconbox iconpos_left style_default color_primary align_left\"><div class=\"w-iconbox-icon\" style=\"font-size:2rem;\"><i class=\"fad fa-history\"><\/i><\/div><div class=\"w-iconbox-meta\"><h4 class=\"w-iconbox-title\">\u0100trs tehniskais atbalsts<\/h4><div class=\"w-iconbox-text\"><p>Servisa tehni\u0137i nodro\u0161ina iek\u0101rtu nevainojamu darb\u012bbu un nekav\u0113joties rea\u0123\u0113 uz izsaukumiem boj\u0101jumu gad\u012bjum\u0101, ierodoties uz vietas vis\u0101 Lietuv\u0101.<\/p>\n<\/div><\/div><\/div><\/div><\/div><div class=\"wpb_column vc_column_container\"><div class=\"vc_column-inner\"><div class=\"w-iconbox iconpos_left style_default color_primary align_left\"><div class=\"w-iconbox-icon\" style=\"font-size:2rem;\"><i class=\"fad fa-tools\"><\/i><\/div><div class=\"w-iconbox-meta\"><h4 class=\"w-iconbox-title\">Augst\u0101k\u0101s kvalit\u0101tes darbs<\/h4><div class=\"w-iconbox-text\"><p>M\u0113s izmantojam modernas iek\u0101rtas un ori\u0123in\u0101las rezerves da\u013cas, t\u0101p\u0113c visi remontdarbi un apkope tiek veikti prec\u012bzi un kvalitat\u012bvi.<\/p>\n<\/div><\/div><\/div><\/div><\/div><div class=\"wpb_column vc_column_container\"><div class=\"vc_column-inner\"><div class=\"w-iconbox iconpos_left style_default color_primary align_left\"><div class=\"w-iconbox-icon\" style=\"font-size:2rem;\"><i class=\"fad fa-handshake\"><\/i><\/div><div class=\"w-iconbox-meta\"><h4 class=\"w-iconbox-title\">Profesion\u0101ls serviss<\/h4><div class=\"w-iconbox-text\"><p>M\u0113s cie\u0161i sadarbojamies ar m\u016bsu p\u0101rst\u0101v\u0113to lauksaimniec\u012bbas tehnikas ra\u017eot\u0101ju, t\u0101p\u0113c vienm\u0113r varam nodro\u0161in\u0101t profesion\u0101lu atbalstu.<\/p>\n<\/div><\/div><\/div><\/div><\/div><\/div><\/div><\/div><\/div><\/div><\/section><section class=\"l-section wpb_row boxshadow height_medium with_img\"><div class=\"l-section-img\" style=\"background-image: url(https:\/\/www.agroteka.lt\/wp-content\/uploads\/bg-min.png);\" data-img-width=\"1366\" data-img-height=\"768\"><\/div><div class=\"l-section-h i-cf\"><div class=\"g-cols vc_row via_grid cols_1 laptops-cols_inherit tablets-cols_inherit mobiles-cols_1 valign_middle type_default stacking_default\" style=\"grid-gap:5rem;\"><div class=\"wpb_column vc_column_container\"><div class=\"vc_column-inner\"><div class=\"g-cols wpb_row via_grid cols_1 laptops-cols_inherit tablets-cols_inherit mobiles-cols_1 valign_top type_default stacking_default\"><div class=\"wpb_column vc_column_container\"><div class=\"vc_column-inner\"><div class=\"wpb_text_column\"><div class=\"wpb_wrapper\"><h2 style=\"text-align: center;\">Apkalpo\u0161anas pakalpojumi<\/h2>\n<p style=\"text-align: center;\">M\u016bsu augsti kvalific\u0113tie meh\u0101nikas in\u017eenieri sniedz da\u017e\u0101dus lauksaimniec\u012bbas tehnikas servisa pakalpojumus.<\/p>\n<\/div><\/div><div class=\"w-separator size_medium\"><\/div><\/div><\/div><\/div><div class=\"g-cols wpb_row via_grid cols_2 laptops-cols_inherit tablets-cols_inherit mobiles-cols_1 valign_top type_default stacking_default\"><div class=\"wpb_column vc_column_container\"><div class=\"vc_column-inner\"><div class=\"wpb_text_column\"><div class=\"wpb_wrapper\"><ul>\n<li>Tehniskais atbalsts;<\/li>\n<li>Pla\u0161s remontdarbu kl\u0101sts vis\u0101 ma\u0161\u012bnas ekspluat\u0101cijas laik\u0101;<\/li>\n<li>Konsult\u0101cijas un ieteikumi;<\/li>\n<li>Apr\u012bkojuma sagatavo\u0161ana darbam;<\/li>\n<li>ma\u0161\u012bnu lieto\u0161anas apm\u0101c\u012bba;<\/li>\n<\/ul>\n<\/div><\/div><\/div><\/div><div class=\"wpb_column vc_column_container\"><div class=\"vc_column-inner\"><div class=\"wpb_text_column\"><div class=\"wpb_wrapper\"><ul>\n<li>Ma\u0161\u012bnu p\u0101rbaudes p\u0113c\/pirms sezonas, to sagatavo\u0161ana darbam;<\/li>\n<li>Augu aizsardz\u012bbas l\u012bdzek\u013cu smidzin\u0101t\u0101ju un smidzin\u0101\u0161anas iek\u0101rtu p\u0101rbaude;<\/li>\n<li>Lopbar\u012bbas sagatavo\u0161anas ma\u0161\u012bnu na\u017eu asin\u0101\u0161ana;<\/li>\n<li>Autom\u0101tisko st\u016bres sist\u0113mu uzst\u0101d\u012b\u0161ana.<\/li>\n<\/ul>\n<\/div><\/div><\/div><\/div><\/div><\/div><\/div><\/div><\/div><\/section><section class=\"l-section wpb_row height_medium\"><div class=\"l-section-h i-cf\"><div class=\"g-cols vc_row via_grid cols_1 laptops-cols_inherit tablets-cols_inherit mobiles-cols_1 valign_top type_default stacking_default\"><div class=\"wpb_column vc_column_container\"><div class=\"vc_column-inner\"><div class=\"g-cols wpb_row via_grid cols_1 laptops-cols_inherit tablets-cols_inherit mobiles-cols_1 valign_top type_default stacking_default\"><div class=\"wpb_column vc_column_container\"><div class=\"vc_column-inner\"><div class=\"wpb_text_column\"><div class=\"wpb_wrapper\"><h2 style=\"text-align: center;\">Pakalpojumu tarifi<\/h2>\n<\/div><\/div><\/div><\/div><\/div><div class=\"w-separator size_small\"><\/div><div class=\"wpb_text_column\"><div class=\"wpb_wrapper\"><div id=\"tablepress-283-scroll-wrapper\" class=\"tablepress-scroll-wrapper\">\n\n<table id=\"tablepress-283\" class=\"tablepress tablepress-id-283 tablepress-responsive\">\n<thead>\n<tr class=\"row-1 odd\">\n\t<th class=\"column-1\"><\/th><th class=\"column-2\">Bez PVN, Eur<\/th>\n<\/tr>\n<\/thead>\n<tbody class=\"row-hover\">\n<tr class=\"row-2 even\">\n\t<td class=\"column-1\">Pakalpojuma stundas cena darba stund\u0101s*<\/td><td class=\"column-2\">65<\/td>\n<\/tr>\n<tr class=\"row-3 odd\">\n\t<td class=\"column-1\">Pakalpojuma stundas cena \u0101rpus darba laika, br\u012bvdien\u0101s un sv\u0113tku dien\u0101s<\/td><td class=\"column-2\">100<\/td>\n<\/tr>\n<tr class=\"row-4 even\">\n\t<td class=\"column-1\">Servisa automa\u0161\u012bnas 1 km likme**<\/td><td class=\"column-2\">0,65<\/td>\n<\/tr>\n<tr class=\"row-5 odd\">\n\t<td class=\"column-1\">Izsaukuma maksa darba laik\u0101<\/td><td class=\"column-2\">50<\/td>\n<\/tr>\n<tr class=\"row-6 even\">\n\t<td class=\"column-1\">Izsaukuma maksa \u0101rpus darba laika, br\u012bvdien\u0101s un sv\u0113tku dien\u0101s<\/td><td class=\"column-2\">100<\/td>\n<\/tr>\n<tr class=\"row-7 odd\">\n\t<td class=\"column-1\">Mazg\u0101\u0161anas apr\u012bkojuma izmaksas (tikai Agroteka), 1 stunda.<\/td><td class=\"column-2\">80<\/td>\n<\/tr>\n<tr class=\"row-8 even\">\n\t<td class=\"column-1\">V\u0101rpstas balans\u0113\u0161ana ar klienta iera\u0161anos<\/td><td class=\"column-2\">371,90<\/td>\n<\/tr>\n<\/tbody>\n<\/table>\n\n<\/div><!-- #tablepress-283 from cache -->\n<\/div><\/div><div class=\"wpb_text_column\"><div class=\"wpb_wrapper\"><p><em>* standarta darba laiks darba dien\u0101s no plkst. 8.00 l\u012bdz 17.00.<\/em><br \/>\n<em>** kilometrus apr\u0113\u0137ina no UAB Agroteka, Perspektyvos g. 32, Kau\u0146a, l\u012bdz remont\u0113jamajam objektam abos virzienos.<br \/>\n<\/em><\/p>\n<p>Pakalpojumu snieg\u0161anas laiks ir noapa\u013cots l\u012bdz tuv\u0101kaj\u0101m 15 min\u016bt\u0113m.<\/p>\n<\/div><\/div><\/div><\/div><\/div><\/div><\/section><section class=\"l-section wpb_row boxshadow height_medium with_img\"><div class=\"l-section-img\" style=\"background-image: url(https:\/\/www.agroteka.lt\/wp-content\/uploads\/bg-min.png);\" data-img-width=\"1366\" data-img-height=\"768\"><\/div><div class=\"l-section-h i-cf\"><div class=\"g-cols vc_row via_grid cols_2 laptops-cols_inherit tablets-cols_inherit mobiles-cols_1 valign_middle type_default stacking_default\" style=\"grid-gap:5rem;\"><div class=\"wpb_column vc_column_container\"><div class=\"vc_column-inner\"><div class=\"w-image style_shadow-2 align_none\"><div class=\"w-image-h\"><div class=\"w-image-shadow\" style=\"background-image:url(https:\/\/www.agroteka.lt\/wp-content\/uploads\/agrotekos_servisas.jpg);\"><\/div><img width=\"1024\" height=\"767\" src=\"https:\/\/www.agroteka.lt\/wp-content\/uploads\/agrotekos_servisas.jpg\" class=\"attachment-large size-large\" alt=\"Agroteka pakalpojums\" decoding=\"async\" srcset=\"https:\/\/www.agroteka.lt\/wp-content\/uploads\/agrotekos_servisas.jpg 1024w, https:\/\/www.agroteka.lt\/wp-content\/uploads\/agrotekos_servisas-300x225.jpg 300w\" sizes=\"(max-width: 1024px) 100vw, 1024px\" \/><\/div><\/div><\/div><\/div><div class=\"wpb_column vc_column_container\"><div class=\"vc_column-inner\"><div class=\"wpb_text_column\"><div class=\"wpb_wrapper\"><h2 style=\"text-align: left;\">Kontakti<\/h2>\n<p>Ja jums ir k\u0101di jaut\u0101jumi vai nepiecie\u0161ama pal\u012bdz\u012bba ar apkalpo\u0161anu, l\u016bdzu, sazinieties ar \u0161\u0101diem kontaktiem:<\/p>\n<\/div><\/div><div class=\"w-separator size_small\"><\/div><h5 class=\"w-text us_custom_15b483e0 has_text_color icon_atleft\"><a href=\"tel:+370 612 15111\" class=\"w-text-h\"><i class=\"fas fa-mobile-alt\"><\/i><span class=\"w-text-value\">+370 612 15111<\/span><\/a><\/h5><div class=\"w-separator size_custom\" style=\"height:10px\"><\/div><h5 class=\"w-text us_custom_15b483e0 has_text_color icon_atleft\"><a href=\"mailto:servisas@agroteka.lt\" class=\"w-text-h\"><i class=\"far fa-envelope\"><\/i><span class=\"w-text-value\">servisas@agroteka.lt<\/span><\/a><\/h5><div class=\"w-separator size_custom\" style=\"height:10px\"><\/div><h5 class=\"w-text us_custom_15b483e0 has_text_color icon_atleft\"><span class=\"w-text-h\"><i class=\"far fa-map-marker-check\"><\/i><span class=\"w-text-value\">Perspekt\u012bvas iela 32, Kau\u0146a<\/span><\/span><\/h5><\/div><\/div><\/div><\/div><\/section>","protected":false},"excerpt":{"rendered":"S\u0101kumlapa\/LapasServisasProfesional\u016bs serviso specialistai Operatyvi technin\u0117 pagalbaServiso specialistai u\u017etikrina skland\u0173 technikos veikim\u0105, o esant gedimams operatyviai reaguoja \u012f i\u0161kvietimus ir atvyksta \u012f viet\u0105 visoje Lietuvoje. Auk\u0161\u010diausios kokyb\u0117s darbaiNaudojame pa\u017eangi\u0105 \u012frang\u0105 ir originalias dalis, tod\u0117l visi remonto ir prie\u017ei\u016bros darbai atliekami tiksliai ir kokybi\u0161kai. Profesionalus aptarnavimasGlaud\u017eiai bendradarbiaujame su atstovaujam\u0173 \u017eem\u0117s \u016bkio technikos gamintojais, tod\u0117l visada galime suteikti...","protected":false},"author":1,"featured_media":0,"parent":0,"menu_order":17,"comment_status":"closed","ping_status":"closed","template":"","meta":{"inline_featured_image":false,"footnotes":"","iawp_total_views":1033},"acf":[],"yoast_head":"<!-- This site is optimized with the Yoast SEO plugin v22.4 - https:\/\/yoast.com\/wordpress\/plugins\/seo\/ -->\n<title>\u017dem\u0117s \u016bkio technikos servisas ir aptarnavimas | Agroteka<\/title>\n<meta name=\"description\" content=\"\u017dem\u0117s \u016bkio technikos servisas - garantinis ir negarantinis aptarnavimas bei remontas, purk\u0161tuv\u0173 registracijos paslaugos. Visoje Lietuvoje.\" \/>\n<meta name=\"robots\" content=\"index, follow, max-snippet:-1, max-image-preview:large, max-video-preview:-1\" \/>\n<link rel=\"canonical\" href=\"https:\/\/www.agroteka.lt\/lv\/pakalpojums\/\" \/>\n<meta property=\"og:locale\" content=\"lv_LV\" \/>\n<meta property=\"og:type\" content=\"article\" \/>\n<meta property=\"og:title\" content=\"\u017dem\u0117s \u016bkio technikos servisas ir aptarnavimas | Agroteka\" \/>\n<meta property=\"og:description\" content=\"\u017dem\u0117s \u016bkio technikos servisas - garantinis ir negarantinis aptarnavimas bei remontas, purk\u0161tuv\u0173 registracijos paslaugos. Visoje Lietuvoje.\" \/>\n<meta property=\"og:url\" content=\"https:\/\/www.agroteka.lt\/lv\/pakalpojums\/\" \/>\n<meta property=\"og:site_name\" content=\"Agroteka\" \/>\n<meta property=\"article:publisher\" content=\"https:\/\/www.facebook.com\/uabagroteka\" \/>\n<meta property=\"article:modified_time\" content=\"2026-03-19T13:26:02+00:00\" \/>\n<meta name=\"twitter:card\" content=\"summary_large_image\" \/>\n<meta name=\"twitter:label1\" content=\"Est. reading time\" \/>\n\t<meta name=\"twitter:data1\" content=\"2 min\u016btes\" \/>\n<script type=\"application\/ld+json\" class=\"yoast-schema-graph\">{\"@context\":\"https:\/\/schema.org\",\"@graph\":[{\"@type\":\"WebPage\",\"@id\":\"https:\/\/www.agroteka.lt\/servisas\/\",\"url\":\"https:\/\/www.agroteka.lt\/servisas\/\",\"name\":\"\u017dem\u0117s \u016bkio technikos servisas ir aptarnavimas | Agroteka\",\"isPartOf\":{\"@id\":\"https:\/\/www.agroteka.lt\/#website\"},\"datePublished\":\"2022-03-03T12:03:19+00:00\",\"dateModified\":\"2026-03-19T13:26:02+00:00\",\"description\":\"\u017dem\u0117s \u016bkio technikos servisas - garantinis ir negarantinis aptarnavimas bei remontas, purk\u0161tuv\u0173 registracijos paslaugos. Visoje Lietuvoje.\",\"breadcrumb\":{\"@id\":\"https:\/\/www.agroteka.lt\/servisas\/#breadcrumb\"},\"inLanguage\":\"lv\",\"potentialAction\":[{\"@type\":\"ReadAction\",\"target\":[\"https:\/\/www.agroteka.lt\/servisas\/\"]}]},{\"@type\":\"BreadcrumbList\",\"@id\":\"https:\/\/www.agroteka.lt\/servisas\/#breadcrumb\",\"itemListElement\":[{\"@type\":\"ListItem\",\"position\":1,\"name\":\"Home\",\"item\":\"https:\/\/www.agroteka.lt\/\"},{\"@type\":\"ListItem\",\"position\":2,\"name\":\"Servisas\"}]},{\"@type\":\"WebSite\",\"@id\":\"https:\/\/www.agroteka.lt\/#website\",\"url\":\"https:\/\/www.agroteka.lt\/\",\"name\":\"Agroteka\",\"description\":\"\u017dem\u0117s \u016bkio technika, agro paslaugos, atsargin\u0117s dalys.\",\"publisher\":{\"@id\":\"https:\/\/www.agroteka.lt\/#organization\"},\"potentialAction\":[{\"@type\":\"SearchAction\",\"target\":{\"@type\":\"EntryPoint\",\"urlTemplate\":\"https:\/\/www.agroteka.lt\/?s={search_term_string}\"},\"query-input\":\"required name=search_term_string\"}],\"inLanguage\":\"lv\"},{\"@type\":\"Organization\",\"@id\":\"https:\/\/www.agroteka.lt\/#organization\",\"name\":\"Agroteka\",\"url\":\"https:\/\/www.agroteka.lt\/\",\"logo\":{\"@type\":\"ImageObject\",\"inLanguage\":\"lv\",\"@id\":\"https:\/\/www.agroteka.lt\/#\/schema\/logo\/image\/\",\"url\":\"https:\/\/www.agroteka.lt\/wp-content\/uploads\/Agroteka_logo_bg.jpg\",\"contentUrl\":\"https:\/\/www.agroteka.lt\/wp-content\/uploads\/Agroteka_logo_bg.jpg\",\"width\":1000,\"height\":422,\"caption\":\"Agroteka\"},\"image\":{\"@id\":\"https:\/\/www.agroteka.lt\/#\/schema\/logo\/image\/\"},\"sameAs\":[\"https:\/\/www.facebook.com\/uabagroteka\",\"https:\/\/www.youtube.com\/user\/UABAgroteka\"]}]}<\/script>\n<!-- \/ Yoast SEO plugin. -->","yoast_head_json":{"title":"Lauksaimniec\u012bbas tehnikas apkope un serviss | Agroteka","description":"Lauksaimniec\u012bbas tehnikas serviss - garantijas un \u0101rpusgarantijas apkope un remonts, smidzin\u0101t\u0101ju re\u0123istr\u0101cijas pakalpojumi. Vis\u0101 Lietuv\u0101.","robots":{"index":"index","follow":"follow","max-snippet":"max-snippet:-1","max-image-preview":"max-image-preview:large","max-video-preview":"max-video-preview:-1"},"canonical":"https:\/\/www.agroteka.lt\/lv\/pakalpojums\/","og_locale":"lv_LV","og_type":"article","og_title":"\u017dem\u0117s \u016bkio technikos servisas ir aptarnavimas | Agroteka","og_description":"\u017dem\u0117s \u016bkio technikos servisas - garantinis ir negarantinis aptarnavimas bei remontas, purk\u0161tuv\u0173 registracijos paslaugos. Visoje Lietuvoje.","og_url":"https:\/\/www.agroteka.lt\/lv\/pakalpojums\/","og_site_name":"Agroteka","article_publisher":"https:\/\/www.facebook.com\/uabagroteka","article_modified_time":"2026-03-19T13:26:02+00:00","twitter_card":"summary_large_image","twitter_misc":{"Est. reading time":"2 min\u016btes"},"schema":{"@context":"https:\/\/schema.org","@graph":[{"@type":"WebPage","@id":"https:\/\/www.agroteka.lt\/servisas\/","url":"https:\/\/www.agroteka.lt\/servisas\/","name":"Lauksaimniec\u012bbas tehnikas apkope un serviss | Agroteka","isPartOf":{"@id":"https:\/\/www.agroteka.lt\/#website"},"datePublished":"2022-03-03T12:03:19+00:00","dateModified":"2026-03-19T13:26:02+00:00","description":"Lauksaimniec\u012bbas tehnikas serviss - garantijas un \u0101rpusgarantijas apkope un remonts, smidzin\u0101t\u0101ju re\u0123istr\u0101cijas pakalpojumi. Vis\u0101 Lietuv\u0101.","breadcrumb":{"@id":"https:\/\/www.agroteka.lt\/servisas\/#breadcrumb"},"inLanguage":"lv","potentialAction":[{"@type":"ReadAction","target":["https:\/\/www.agroteka.lt\/servisas\/"]}]},{"@type":"BreadcrumbList","@id":"https:\/\/www.agroteka.lt\/servisas\/#breadcrumb","itemListElement":[{"@type":"ListItem","position":1,"name":"Home","item":"https:\/\/www.agroteka.lt\/"},{"@type":"ListItem","position":2,"name":"Servisas"}]},{"@type":"WebSite","@id":"https:\/\/www.agroteka.lt\/#website","url":"https:\/\/www.agroteka.lt\/","name":"Agroteka","description":"Lauksaimniec\u012bbas tehnika, lauksaimniec\u012bbas pakalpojumi, rezerves da\u013cas.","publisher":{"@id":"https:\/\/www.agroteka.lt\/#organization"},"potentialAction":[{"@type":"SearchAction","target":{"@type":"EntryPoint","urlTemplate":"https:\/\/www.agroteka.lt\/?s={search_term_string}"},"query-input":"required name=search_term_string"}],"inLanguage":"lv"},{"@type":"Organization","@id":"https:\/\/www.agroteka.lt\/#organization","name":"Agroteka","url":"https:\/\/www.agroteka.lt\/","logo":{"@type":"ImageObject","inLanguage":"lv","@id":"https:\/\/www.agroteka.lt\/#\/schema\/logo\/image\/","url":"https:\/\/www.agroteka.lt\/wp-content\/uploads\/Agroteka_logo_bg.jpg","contentUrl":"https:\/\/www.agroteka.lt\/wp-content\/uploads\/Agroteka_logo_bg.jpg","width":1000,"height":422,"caption":"Agroteka"},"image":{"@id":"https:\/\/www.agroteka.lt\/#\/schema\/logo\/image\/"},"sameAs":["https:\/\/www.facebook.com\/uabagroteka","https:\/\/www.youtube.com\/user\/UABAgroteka"]}]}},"_links":{"self":[{"href":"https:\/\/www.agroteka.lt\/lv\/wp-json\/wp\/v2\/pages\/295"}],"collection":[{"href":"https:\/\/www.agroteka.lt\/lv\/wp-json\/wp\/v2\/pages"}],"about":[{"href":"https:\/\/www.agroteka.lt\/lv\/wp-json\/wp\/v2\/types\/page"}],"author":[{"embeddable":true,"href":"https:\/\/www.agroteka.lt\/lv\/wp-json\/wp\/v2\/users\/1"}],"replies":[{"embeddable":true,"href":"https:\/\/www.agroteka.lt\/lv\/wp-json\/wp\/v2\/comments?post=295"}],"version-history":[{"count":27,"href":"https:\/\/www.agroteka.lt\/lv\/wp-json\/wp\/v2\/pages\/295\/revisions"}],"predecessor-version":[{"id":19873,"href":"https:\/\/www.agroteka.lt\/lv\/wp-json\/wp\/v2\/pages\/295\/revisions\/19873"}],"wp:attachment":[{"href":"https:\/\/www.agroteka.lt\/lv\/wp-json\/wp\/v2\/media?parent=295"}],"curies":[{"name":"wp","href":"https:\/\/api.w.org\/{rel}","templated":true}]}}