{"id":295,"date":"2022-03-03T15:03:19","date_gmt":"2022-03-03T12:03:19","guid":{"rendered":"http:\/\/92.62.138.38\/?page_id=295"},"modified":"2026-03-19T16:26:02","modified_gmt":"2026-03-19T13:26:02","slug":"service","status":"publish","type":"page","link":"https:\/\/www.agroteka.lt\/fr\/servisas\/","title":{"rendered":"Service"},"content":{"rendered":"<section class=\"l-section wpb_row us_custom_e7c3a50b height_medium color_alternate\"><div class=\"l-section-h i-cf\"><div class=\"g-cols vc_row via_grid cols_4-1 laptops-cols_inherit tablets-cols_inherit mobiles-cols_1 valign_middle type_default stacking_default\"><div class=\"wpb_column vc_column_container\"><div class=\"vc_column-inner\"><ol class=\"g-breadcrumbs us_custom_5c006ea7 has_text_color separator_custom align_none\" itemscope itemtype=\"http:\/\/schema.org\/BreadcrumbList\"><li class=\"g-breadcrumbs-item\" itemscope itemprop=\"itemListElement\" itemtype=\"http:\/\/schema.org\/ListItem\"><a itemprop=\"item\" href=\"https:\/\/www.agroteka.lt\/fr\/\"><span itemprop=\"name\">Accueil<\/span><\/a><meta itemprop=\"position\" content=\"1\"\/><\/li><li class=\"g-breadcrumbs-separator\">\/<\/li><li class=\"g-breadcrumbs-item\">Pages<\/li><\/ol><div class=\"w-separator size_small\"><\/div><h1 class=\"w-post-elm post_title us_custom_8e46ea77 entry-title color_link_inherit\">Service<\/h1><\/div><\/div><div class=\"wpb_column vc_column_container\"><div class=\"vc_column-inner\"><\/div><\/div><\/div><\/div><\/section><section class=\"l-section wpb_row height_medium\"><div class=\"l-section-h i-cf\"><div class=\"g-cols vc_row via_grid cols_1 laptops-cols_inherit tablets-cols_inherit mobiles-cols_1 valign_middle type_default stacking_default\"><div class=\"wpb_column vc_column_container\"><div class=\"vc_column-inner\"><div class=\"g-cols wpb_row via_grid cols_1 laptops-cols_inherit tablets-cols_inherit mobiles-cols_1 valign_top type_default stacking_default\"><div class=\"wpb_column vc_column_container\"><div class=\"vc_column-inner\"><div class=\"wpb_text_column\"><div class=\"wpb_wrapper\"><h2 style=\"text-align: center;\">Techniciens de service professionnels<\/h2>\n<\/div><\/div><\/div><\/div><\/div><div class=\"w-separator size_large\"><\/div><div class=\"g-cols wpb_row via_grid cols_3 laptops-cols_inherit tablets-cols_inherit mobiles-cols_1 valign_top type_default stacking_default\"><div class=\"wpb_column vc_column_container\"><div class=\"vc_column-inner\"><div class=\"w-iconbox iconpos_left style_default color_primary align_left\"><div class=\"w-iconbox-icon\" style=\"font-size:2rem;\"><i class=\"fad fa-history\"><\/i><\/div><div class=\"w-iconbox-meta\"><h4 class=\"w-iconbox-title\">Assistance technique rapide<\/h4><div class=\"w-iconbox-text\"><p>Les techniciens de maintenance veillent au bon fonctionnement des \u00e9quipements et r\u00e9pondent rapidement aux appels en cas de panne, en se rendant sur place dans toute la Lituanie.<\/p>\n<\/div><\/div><\/div><\/div><\/div><div class=\"wpb_column vc_column_container\"><div class=\"vc_column-inner\"><div class=\"w-iconbox iconpos_left style_default color_primary align_left\"><div class=\"w-iconbox-icon\" style=\"font-size:2rem;\"><i class=\"fad fa-tools\"><\/i><\/div><div class=\"w-iconbox-meta\"><h4 class=\"w-iconbox-title\">Un travail de qualit\u00e9<\/h4><div class=\"w-iconbox-text\"><p>Nous utilisons des \u00e9quipements de pointe et des pi\u00e8ces d'origine, de sorte que toutes les r\u00e9parations et l'entretien sont effectu\u00e9s avec pr\u00e9cision et qualit\u00e9.<\/p>\n<\/div><\/div><\/div><\/div><\/div><div class=\"wpb_column vc_column_container\"><div class=\"vc_column-inner\"><div class=\"w-iconbox iconpos_left style_default color_primary align_left\"><div class=\"w-iconbox-icon\" style=\"font-size:2rem;\"><i class=\"fad fa-handshake\"><\/i><\/div><div class=\"w-iconbox-meta\"><h4 class=\"w-iconbox-title\">Service professionnel<\/h4><div class=\"w-iconbox-text\"><p>Nous travaillons en \u00e9troite collaboration avec les fabricants des machines agricoles que nous repr\u00e9sentons, de sorte que nous pouvons toujours fournir une assistance professionnelle.<\/p>\n<\/div><\/div><\/div><\/div><\/div><\/div><\/div><\/div><\/div><\/div><\/section><section class=\"l-section wpb_row boxshadow height_medium with_img\"><div class=\"l-section-img\" style=\"background-image: url(https:\/\/www.agroteka.lt\/wp-content\/uploads\/bg-min.png);\" data-img-width=\"1366\" data-img-height=\"768\"><\/div><div class=\"l-section-h i-cf\"><div class=\"g-cols vc_row via_grid cols_1 laptops-cols_inherit tablets-cols_inherit mobiles-cols_1 valign_middle type_default stacking_default\" style=\"grid-gap:5rem;\"><div class=\"wpb_column vc_column_container\"><div class=\"vc_column-inner\"><div class=\"g-cols wpb_row via_grid cols_1 laptops-cols_inherit tablets-cols_inherit mobiles-cols_1 valign_top type_default stacking_default\"><div class=\"wpb_column vc_column_container\"><div class=\"vc_column-inner\"><div class=\"wpb_text_column\"><div class=\"wpb_wrapper\"><h2 style=\"text-align: center;\">Services de service<\/h2>\n<p style=\"text-align: center;\">Nos ing\u00e9nieurs m\u00e9caniciens hautement qualifi\u00e9s fournissent divers services d&#039;entretien de machines agricoles.<\/p>\n<\/div><\/div><div class=\"w-separator size_medium\"><\/div><\/div><\/div><\/div><div class=\"g-cols wpb_row via_grid cols_2 laptops-cols_inherit tablets-cols_inherit mobiles-cols_1 valign_top type_default stacking_default\"><div class=\"wpb_column vc_column_container\"><div class=\"vc_column-inner\"><div class=\"wpb_text_column\"><div class=\"wpb_wrapper\"><ul>\n<li>Support technique ;<\/li>\n<li>R\u00e9parations compl\u00e8tes pendant toute la dur\u00e9e de vie de la machine ;<\/li>\n<li>Consultation et conseil ;<\/li>\n<li>Pr\u00e9parer votre \u00e9quipement pour le travail ;<\/li>\n<li>Formation \u00e0 l'utilisation des machines ;<\/li>\n<\/ul>\n<\/div><\/div><\/div><\/div><div class=\"wpb_column vc_column_container\"><div class=\"vc_column-inner\"><div class=\"wpb_text_column\"><div class=\"wpb_wrapper\"><ul>\n<li>Inspections des machines apr\u00e8s\/avant la saison, pour les pr\u00e9parer au travail ;<\/li>\n<li>Inspection des pulv\u00e9risateurs de produits phytopharmaceutiques et du mat\u00e9riel de pulv\u00e9risation ;<\/li>\n<li>Aff\u00fbtage des couteaux sur les machines de pr\u00e9paration des aliments pour animaux ;<\/li>\n<li>Installation de syst\u00e8mes de direction automatique.<\/li>\n<\/ul>\n<\/div><\/div><\/div><\/div><\/div><\/div><\/div><\/div><\/div><\/section><section class=\"l-section wpb_row height_medium\"><div class=\"l-section-h i-cf\"><div class=\"g-cols vc_row via_grid cols_1 laptops-cols_inherit tablets-cols_inherit mobiles-cols_1 valign_top type_default stacking_default\"><div class=\"wpb_column vc_column_container\"><div class=\"vc_column-inner\"><div class=\"g-cols wpb_row via_grid cols_1 laptops-cols_inherit tablets-cols_inherit mobiles-cols_1 valign_top type_default stacking_default\"><div class=\"wpb_column vc_column_container\"><div class=\"vc_column-inner\"><div class=\"wpb_text_column\"><div class=\"wpb_wrapper\"><h2 style=\"text-align: center;\">Taux de service<\/h2>\n<\/div><\/div><\/div><\/div><\/div><div class=\"w-separator size_small\"><\/div><div class=\"wpb_text_column\"><div class=\"wpb_wrapper\"><div id=\"tablepress-283-scroll-wrapper\" class=\"tablepress-scroll-wrapper\">\n\n<table id=\"tablepress-283\" class=\"tablepress tablepress-id-283 tablepress-responsive\">\n<thead>\n<tr class=\"row-1 odd\">\n\t<th class=\"column-1\"><\/th><th class=\"column-2\">Hors TVA, Eur<\/th>\n<\/tr>\n<\/thead>\n<tbody class=\"row-hover\">\n<tr class=\"row-2 even\">\n\t<td class=\"column-1\">Prix horaire du service en heures de travail*<\/td><td class=\"column-2\">65<\/td>\n<\/tr>\n<tr class=\"row-3 odd\">\n\t<td class=\"column-1\">Prix de l'heure de service en dehors des heures de travail, des week-ends et des jours f\u00e9ri\u00e9s<\/td><td class=\"column-2\">100<\/td>\n<\/tr>\n<tr class=\"row-4 even\">\n\t<td class=\"column-1\">Voiture de service 1 km tarif**<\/td><td class=\"column-2\">0,65<\/td>\n<\/tr>\n<tr class=\"row-5 odd\">\n\t<td class=\"column-1\">Frais d'appel pendant les heures de travail<\/td><td class=\"column-2\">50<\/td>\n<\/tr>\n<tr class=\"row-6 even\">\n\t<td class=\"column-1\">Frais d'appel en dehors des heures de travail, les week-ends et les jours f\u00e9ri\u00e9s<\/td><td class=\"column-2\">100<\/td>\n<\/tr>\n<tr class=\"row-7 odd\">\n\t<td class=\"column-1\">Co\u00fbt du mat\u00e9riel de lavage (uniquement \u00e0 Agroteka), 1 heure.<\/td><td class=\"column-2\">80<\/td>\n<\/tr>\n<tr class=\"row-8 even\">\n\t<td class=\"column-1\">Equilibrage des arbres \u00e0 l'arriv\u00e9e du client<\/td><td class=\"column-2\">371,90<\/td>\n<\/tr>\n<\/tbody>\n<\/table>\n\n<\/div><!-- #tablepress-283 from cache -->\n<\/div><\/div><div class=\"wpb_text_column\"><div class=\"wpb_wrapper\"><p><em>* Horaires d'ouverture standard 8h-17h en semaine.<\/em><br \/>\n<em>** Les kilom\u00e8tres sont calcul\u00e9s \u00e0 partir de UAB Agroteka, Perspektyvos g. 32, Kaunas, jusqu'\u00e0 l'objet \u00e0 r\u00e9parer, dans les deux sens.<br \/>\n<\/em><\/p>\n<p>Les heures de service sont arrondies au quart d'heure le plus proche.<\/p>\n<\/div><\/div><\/div><\/div><\/div><\/div><\/section><section class=\"l-section wpb_row boxshadow height_medium with_img\"><div class=\"l-section-img\" style=\"background-image: url(https:\/\/www.agroteka.lt\/wp-content\/uploads\/bg-min.png);\" data-img-width=\"1366\" data-img-height=\"768\"><\/div><div class=\"l-section-h i-cf\"><div class=\"g-cols vc_row via_grid cols_2 laptops-cols_inherit tablets-cols_inherit mobiles-cols_1 valign_middle type_default stacking_default\" style=\"grid-gap:5rem;\"><div class=\"wpb_column vc_column_container\"><div class=\"vc_column-inner\"><div class=\"w-image style_shadow-2 align_none\"><div class=\"w-image-h\"><div class=\"w-image-shadow\" style=\"background-image:url(https:\/\/www.agroteka.lt\/wp-content\/uploads\/agrotekos_servisas.jpg);\"><\/div><img width=\"1024\" height=\"767\" src=\"https:\/\/www.agroteka.lt\/wp-content\/uploads\/agrotekos_servisas.jpg\" class=\"attachment-large size-large\" alt=\"Service Agroteka\" decoding=\"async\" srcset=\"https:\/\/www.agroteka.lt\/wp-content\/uploads\/agrotekos_servisas.jpg 1024w, https:\/\/www.agroteka.lt\/wp-content\/uploads\/agrotekos_servisas-300x225.jpg 300w\" sizes=\"(max-width: 1024px) 100vw, 1024px\" \/><\/div><\/div><\/div><\/div><div class=\"wpb_column vc_column_container\"><div class=\"vc_column-inner\"><div class=\"wpb_text_column\"><div class=\"wpb_wrapper\"><h2 style=\"text-align: left;\">Contacts<\/h2>\n<p>Si vous avez des questions ou avez besoin d&#039;assistance, veuillez contacter les contacts suivants :<\/p>\n<\/div><\/div><div class=\"w-separator size_small\"><\/div><h5 class=\"w-text us_custom_15b483e0 has_text_color icon_atleft\"><a href=\"tel:+370 612 15111\" class=\"w-text-h\"><i class=\"fas fa-mobile-alt\"><\/i><span class=\"w-text-value\">+370 612 15111<\/span><\/a><\/h5><div class=\"w-separator size_custom\" style=\"height:10px\"><\/div><h5 class=\"w-text us_custom_15b483e0 has_text_color icon_atleft\"><a href=\"mailto:servisas@agroteka.lt\" class=\"w-text-h\"><i class=\"far fa-envelope\"><\/i><span class=\"w-text-value\">servisas@agroteka.lt<\/span><\/a><\/h5><div class=\"w-separator size_custom\" style=\"height:10px\"><\/div><h5 class=\"w-text us_custom_15b483e0 has_text_color icon_atleft\"><span class=\"w-text-h\"><i class=\"far fa-map-marker-check\"><\/i><span class=\"w-text-value\">32 rue Perspektyvos, Kaunas<\/span><\/span><\/h5><\/div><\/div><\/div><\/div><\/section>","protected":false},"excerpt":{"rendered":"Accueil\/PagesServisasProfesional\u016bs serviso specialistai Operatyvi technin\u0117 pagalbaServiso specialistai u\u017etikrina skland\u0173 technikos veikim\u0105, o esant gedimams operatyviai reaguoja \u012f i\u0161kvietimus ir atvyksta \u012f viet\u0105 visoje Lietuvoje. Auk\u0161\u010diausios kokyb\u0117s darbaiNaudojame pa\u017eangi\u0105 \u012frang\u0105 ir originalias dalis, tod\u0117l visi remonto ir prie\u017ei\u016bros darbai atliekami tiksliai ir kokybi\u0161kai. Profesionalus aptarnavimasGlaud\u017eiai bendradarbiaujame su atstovaujam\u0173 \u017eem\u0117s \u016bkio technikos gamintojais, tod\u0117l visada galime suteikti...","protected":false},"author":1,"featured_media":0,"parent":0,"menu_order":17,"comment_status":"closed","ping_status":"closed","template":"","meta":{"inline_featured_image":false,"footnotes":"","iawp_total_views":1026},"acf":[],"yoast_head":"<!-- This site is optimized with the Yoast SEO plugin v22.4 - https:\/\/yoast.com\/wordpress\/plugins\/seo\/ -->\n<title>\u017dem\u0117s \u016bkio technikos servisas ir aptarnavimas | Agroteka<\/title>\n<meta name=\"description\" content=\"\u017dem\u0117s \u016bkio technikos servisas - garantinis ir negarantinis aptarnavimas bei remontas, purk\u0161tuv\u0173 registracijos paslaugos. Visoje Lietuvoje.\" \/>\n<meta name=\"robots\" content=\"index, follow, max-snippet:-1, max-image-preview:large, max-video-preview:-1\" \/>\n<link rel=\"canonical\" href=\"https:\/\/www.agroteka.lt\/fr\/service\/\" \/>\n<meta property=\"og:locale\" content=\"fr_FR\" \/>\n<meta property=\"og:type\" content=\"article\" \/>\n<meta property=\"og:title\" content=\"\u017dem\u0117s \u016bkio technikos servisas ir aptarnavimas | Agroteka\" \/>\n<meta property=\"og:description\" content=\"\u017dem\u0117s \u016bkio technikos servisas - garantinis ir negarantinis aptarnavimas bei remontas, purk\u0161tuv\u0173 registracijos paslaugos. Visoje Lietuvoje.\" \/>\n<meta property=\"og:url\" content=\"https:\/\/www.agroteka.lt\/fr\/service\/\" \/>\n<meta property=\"og:site_name\" content=\"Agroteka\" \/>\n<meta property=\"article:publisher\" content=\"https:\/\/www.facebook.com\/uabagroteka\" \/>\n<meta property=\"article:modified_time\" content=\"2026-03-19T13:26:02+00:00\" \/>\n<meta name=\"twitter:card\" content=\"summary_large_image\" \/>\n<meta name=\"twitter:label1\" content=\"Dur\u00e9e de lecture estim\u00e9e\" \/>\n\t<meta name=\"twitter:data1\" content=\"2 minutes\" \/>\n<script type=\"application\/ld+json\" class=\"yoast-schema-graph\">{\"@context\":\"https:\/\/schema.org\",\"@graph\":[{\"@type\":\"WebPage\",\"@id\":\"https:\/\/www.agroteka.lt\/servisas\/\",\"url\":\"https:\/\/www.agroteka.lt\/servisas\/\",\"name\":\"\u017dem\u0117s \u016bkio technikos servisas ir aptarnavimas | Agroteka\",\"isPartOf\":{\"@id\":\"https:\/\/www.agroteka.lt\/#website\"},\"datePublished\":\"2022-03-03T12:03:19+00:00\",\"dateModified\":\"2026-03-19T13:26:02+00:00\",\"description\":\"\u017dem\u0117s \u016bkio technikos servisas - garantinis ir negarantinis aptarnavimas bei remontas, purk\u0161tuv\u0173 registracijos paslaugos. Visoje Lietuvoje.\",\"breadcrumb\":{\"@id\":\"https:\/\/www.agroteka.lt\/servisas\/#breadcrumb\"},\"inLanguage\":\"fr-FR\",\"potentialAction\":[{\"@type\":\"ReadAction\",\"target\":[\"https:\/\/www.agroteka.lt\/servisas\/\"]}]},{\"@type\":\"BreadcrumbList\",\"@id\":\"https:\/\/www.agroteka.lt\/servisas\/#breadcrumb\",\"itemListElement\":[{\"@type\":\"ListItem\",\"position\":1,\"name\":\"Home\",\"item\":\"https:\/\/www.agroteka.lt\/\"},{\"@type\":\"ListItem\",\"position\":2,\"name\":\"Servisas\"}]},{\"@type\":\"WebSite\",\"@id\":\"https:\/\/www.agroteka.lt\/#website\",\"url\":\"https:\/\/www.agroteka.lt\/\",\"name\":\"Agroteka\",\"description\":\"\u017dem\u0117s \u016bkio technika, agro paslaugos, atsargin\u0117s dalys.\",\"publisher\":{\"@id\":\"https:\/\/www.agroteka.lt\/#organization\"},\"potentialAction\":[{\"@type\":\"SearchAction\",\"target\":{\"@type\":\"EntryPoint\",\"urlTemplate\":\"https:\/\/www.agroteka.lt\/?s={search_term_string}\"},\"query-input\":\"required name=search_term_string\"}],\"inLanguage\":\"fr-FR\"},{\"@type\":\"Organization\",\"@id\":\"https:\/\/www.agroteka.lt\/#organization\",\"name\":\"Agroteka\",\"url\":\"https:\/\/www.agroteka.lt\/\",\"logo\":{\"@type\":\"ImageObject\",\"inLanguage\":\"fr-FR\",\"@id\":\"https:\/\/www.agroteka.lt\/#\/schema\/logo\/image\/\",\"url\":\"https:\/\/www.agroteka.lt\/wp-content\/uploads\/Agroteka_logo_bg.jpg\",\"contentUrl\":\"https:\/\/www.agroteka.lt\/wp-content\/uploads\/Agroteka_logo_bg.jpg\",\"width\":1000,\"height\":422,\"caption\":\"Agroteka\"},\"image\":{\"@id\":\"https:\/\/www.agroteka.lt\/#\/schema\/logo\/image\/\"},\"sameAs\":[\"https:\/\/www.facebook.com\/uabagroteka\",\"https:\/\/www.youtube.com\/user\/UABAgroteka\"]}]}<\/script>\n<!-- \/ Yoast SEO plugin. -->","yoast_head_json":{"title":"Entretien et maintenance de machines agricoles | Agroteka","description":"Entretien de machines agricoles\u00a0: r\u00e9parations et entretien sous garantie et hors garantie, enregistrement de pulv\u00e9risateurs. Partout en Lituanie.","robots":{"index":"index","follow":"follow","max-snippet":"max-snippet:-1","max-image-preview":"max-image-preview:large","max-video-preview":"max-video-preview:-1"},"canonical":"https:\/\/www.agroteka.lt\/fr\/service\/","og_locale":"fr_FR","og_type":"article","og_title":"\u017dem\u0117s \u016bkio technikos servisas ir aptarnavimas | Agroteka","og_description":"\u017dem\u0117s \u016bkio technikos servisas - garantinis ir negarantinis aptarnavimas bei remontas, purk\u0161tuv\u0173 registracijos paslaugos. Visoje Lietuvoje.","og_url":"https:\/\/www.agroteka.lt\/fr\/service\/","og_site_name":"Agroteka","article_publisher":"https:\/\/www.facebook.com\/uabagroteka","article_modified_time":"2026-03-19T13:26:02+00:00","twitter_card":"summary_large_image","twitter_misc":{"Dur\u00e9e de lecture estim\u00e9e":"2 minutes"},"schema":{"@context":"https:\/\/schema.org","@graph":[{"@type":"WebPage","@id":"https:\/\/www.agroteka.lt\/servisas\/","url":"https:\/\/www.agroteka.lt\/servisas\/","name":"Entretien et maintenance de machines agricoles | Agroteka","isPartOf":{"@id":"https:\/\/www.agroteka.lt\/#website"},"datePublished":"2022-03-03T12:03:19+00:00","dateModified":"2026-03-19T13:26:02+00:00","description":"Entretien de machines agricoles\u00a0: r\u00e9parations et entretien sous garantie et hors garantie, enregistrement de pulv\u00e9risateurs. Partout en Lituanie.","breadcrumb":{"@id":"https:\/\/www.agroteka.lt\/servisas\/#breadcrumb"},"inLanguage":"fr-FR","potentialAction":[{"@type":"ReadAction","target":["https:\/\/www.agroteka.lt\/servisas\/"]}]},{"@type":"BreadcrumbList","@id":"https:\/\/www.agroteka.lt\/servisas\/#breadcrumb","itemListElement":[{"@type":"ListItem","position":1,"name":"Home","item":"https:\/\/www.agroteka.lt\/"},{"@type":"ListItem","position":2,"name":"Servisas"}]},{"@type":"WebSite","@id":"https:\/\/www.agroteka.lt\/#website","url":"https:\/\/www.agroteka.lt\/","name":"Agrotech","description":"Machines agricoles, services agricoles, pi\u00e8ces d\u00e9tach\u00e9es.","publisher":{"@id":"https:\/\/www.agroteka.lt\/#organization"},"potentialAction":[{"@type":"SearchAction","target":{"@type":"EntryPoint","urlTemplate":"https:\/\/www.agroteka.lt\/?s={search_term_string}"},"query-input":"required name=search_term_string"}],"inLanguage":"fr-FR"},{"@type":"Organization","@id":"https:\/\/www.agroteka.lt\/#organization","name":"Agrotech","url":"https:\/\/www.agroteka.lt\/","logo":{"@type":"ImageObject","inLanguage":"fr-FR","@id":"https:\/\/www.agroteka.lt\/#\/schema\/logo\/image\/","url":"https:\/\/www.agroteka.lt\/wp-content\/uploads\/Agroteka_logo_bg.jpg","contentUrl":"https:\/\/www.agroteka.lt\/wp-content\/uploads\/Agroteka_logo_bg.jpg","width":1000,"height":422,"caption":"Agroteka"},"image":{"@id":"https:\/\/www.agroteka.lt\/#\/schema\/logo\/image\/"},"sameAs":["https:\/\/www.facebook.com\/uabagroteka","https:\/\/www.youtube.com\/user\/UABAgroteka"]}]}},"_links":{"self":[{"href":"https:\/\/www.agroteka.lt\/fr\/wp-json\/wp\/v2\/pages\/295"}],"collection":[{"href":"https:\/\/www.agroteka.lt\/fr\/wp-json\/wp\/v2\/pages"}],"about":[{"href":"https:\/\/www.agroteka.lt\/fr\/wp-json\/wp\/v2\/types\/page"}],"author":[{"embeddable":true,"href":"https:\/\/www.agroteka.lt\/fr\/wp-json\/wp\/v2\/users\/1"}],"replies":[{"embeddable":true,"href":"https:\/\/www.agroteka.lt\/fr\/wp-json\/wp\/v2\/comments?post=295"}],"version-history":[{"count":27,"href":"https:\/\/www.agroteka.lt\/fr\/wp-json\/wp\/v2\/pages\/295\/revisions"}],"predecessor-version":[{"id":19873,"href":"https:\/\/www.agroteka.lt\/fr\/wp-json\/wp\/v2\/pages\/295\/revisions\/19873"}],"wp:attachment":[{"href":"https:\/\/www.agroteka.lt\/fr\/wp-json\/wp\/v2\/media?parent=295"}],"curies":[{"name":"wp","href":"https:\/\/api.w.org\/{rel}","templated":true}]}}