{"id":6615,"date":"2023-02-15T16:16:57","date_gmt":"2023-02-15T13:16:57","guid":{"rendered":"https:\/\/www.agroteka.lt\/?page_id=6615"},"modified":"2023-02-24T15:23:49","modified_gmt":"2023-02-24T12:23:49","slug":"servicios-de-labranza","status":"publish","type":"page","link":"https:\/\/www.agroteka.lt\/es\/zemes-dirbimo-paslaugos\/","title":{"rendered":"Servicios de cultivo de tierras"},"content":{"rendered":"<section class=\"l-section wpb_row us_custom_bd9a6545 height_medium color_alternate\"><div class=\"l-section-h i-cf\"><div class=\"g-cols vc_row via_grid cols_4-1 laptops-cols_inherit tablets-cols_inherit mobiles-cols_1 valign_middle type_default stacking_default\"><div class=\"wpb_column vc_column_container\"><div class=\"vc_column-inner\"><ol class=\"g-breadcrumbs us_custom_5c006ea7 has_text_color separator_custom align_none\" itemscope itemtype=\"http:\/\/schema.org\/BreadcrumbList\"><li class=\"g-breadcrumbs-item\" itemscope itemprop=\"itemListElement\" itemtype=\"http:\/\/schema.org\/ListItem\"><a itemprop=\"item\" href=\"https:\/\/www.agroteka.lt\/es\/\"><span itemprop=\"name\">Inicio<\/span><\/a><meta itemprop=\"position\" content=\"1\"\/><\/li><li class=\"g-breadcrumbs-separator\">\/<\/li><li class=\"g-breadcrumbs-item\">P\u00e1ginas<\/li><\/ol><div class=\"w-separator size_small\"><\/div><h1 class=\"w-post-elm post_title us_custom_8e46ea77 entry-title color_link_inherit\">\u017dem\u0117s dirbimo paslaugos<\/h1><\/div><\/div><div class=\"wpb_column vc_column_container\"><div class=\"vc_column-inner\"><\/div><\/div><\/div><\/div><\/section><section class=\"l-section wpb_row boxshadow height_medium\"><div class=\"l-section-h i-cf\"><div class=\"g-cols vc_row via_grid cols_1 laptops-cols_inherit tablets-cols_inherit mobiles-cols_1 valign_middle type_default stacking_default\"><div class=\"wpb_column vc_column_container\"><div class=\"vc_column-inner\"><div class=\"g-cols wpb_row via_grid cols_1 laptops-cols_inherit tablets-cols_inherit mobiles-cols_1 valign_top type_default stacking_default\" style=\"grid-gap:1.5rem;\"><div class=\"wpb_column vc_column_container\"><div class=\"vc_column-inner\"><div class=\"wpb_text_column\"><div class=\"wpb_wrapper\"><p>Atliekame \u012fvairius \u017eem\u0117s dirbimo darbus u\u017e jus \u2013 <strong>skutimas su<\/strong> <strong>diskiniu ar noraginiu skutikliu,<\/strong> taip pat dirbame su <strong>kultivatoriumi<\/strong> bei <strong>germinatoriumi<\/strong>, atliekame <strong>giluminio purenimo <\/strong>paslaug\u0105. Dirbame visoje Lietuvoje su savo technika, kuri\u0105 valdo patyr\u0119 operatoriai.<\/p>\n<\/div><\/div><\/div><\/div><\/div><div class=\"w-separator size_small\"><\/div><div class=\"w-grid type_grid layout_291 cols_4 overflow_hidden\" id=\"us_grid_1\"><style>#us_grid_1 .w-grid-item{padding:1rem}#us_grid_1 .w-grid-list{margin:-1rem}.w-grid + #us_grid_1 .w-grid-list,.w-grid-none + #us_grid_1 .w-grid-list{margin-top:1rem}@media (max-width:1199px){#us_grid_1 .w-grid-item{width:33.3333%}}@media (max-width:899px){#us_grid_1 .w-grid-item{width:50%}}@media (max-width:599px){#us_grid_1 .w-grid-list{margin:0}#us_grid_1 .w-grid-item{width:100%;padding:0;margin-bottom:1rem}}.layout_291 .w-grid-item-h{background:var(--color-content-bg);color:var(--color-content-heading);box-shadow:0 0.05rem 0.1rem rgba(0,0,0,0.1),0 0.17rem 0.5rem rgba(0,0,0,0.1);transition-duration:0.3s}.no-touch .layout_291 .w-grid-item-h:hover{box-shadow:0 0.12rem 0.24rem rgba(0,0,0,0.1),0 0.4rem 1.2rem rgba(0,0,0,0.15);z-index:4}.layout_291 .usg_vwrapper_1{padding:0.8rem 1.5rem 1.5rem 1.5rem!important}.layout_291 .usg_hwrapper_1{margin-bottom:0.3rem!important}.layout_291 .usg_post_taxonomy_1{font-size:14px!important;font-weight:700!important;text-transform:uppercase!important;margin-right:0.6rem!important}.layout_291 .usg_post_title_1{color:inherit!important;font-weight:700!important;font-size:1.4rem!important}@media (max-width:600px){.layout_291 .usg_post_title_1{font-size:1.2rem!important}}<\/style><div class=\"w-grid-list\">\t<article class=\"w-grid-item size_1x1 post-6621 paslaugos type-paslaugos status-publish has-post-thumbnail hentry\" data-id=\"6621\">\r\n\t\t<div class=\"w-grid-item-h\">\r\n\t\t\t\t\t\t\t<a class=\"w-grid-item-anchor\" href=\"https:\/\/www.agroteka.lt\/es\/paslaugos\/skutimas\/\" rel=\"bookmark\" aria-label=\"Skutimas\"><\/a>\r\n\t\t\t\t\t\t<div class=\"w-post-elm post_image usg_post_image_1 has_ratio\"><div style=\"padding-bottom:66.6667%\"><\/div><a href=\"https:\/\/www.agroteka.lt\/es\/paslaugos\/skutimas\/\" aria-label=\"Skutimas\"><img width=\"1024\" height=\"640\" src=\"https:\/\/www.agroteka.lt\/wp-content\/uploads\/Skutimas_1.jpg\" class=\"attachment-full size-full wp-post-image\" alt=\"Skutimo paslauga\" decoding=\"async\" srcset=\"https:\/\/www.agroteka.lt\/wp-content\/uploads\/Skutimas_1.jpg 1024w, https:\/\/www.agroteka.lt\/wp-content\/uploads\/Skutimas_1-300x188.jpg 300w, https:\/\/www.agroteka.lt\/wp-content\/uploads\/Skutimas_1-640x400.jpg 640w\" sizes=\"(max-width: 1024px) 100vw, 1024px\" \/><\/a><\/div><div class=\"w-vwrapper usg_vwrapper_1 align_none valign_top\"><div class=\"w-hwrapper usg_hwrapper_1 align_none valign_top\"><\/div><h2 class=\"w-post-elm post_title usg_post_title_1 entry-title color_link_inherit\"><a href=\"https:\/\/www.agroteka.lt\/es\/paslaugos\/skutimas\/\">Skutimas<\/a><\/h2><div class=\"w-post-elm post_content usg_post_content_1\">Dirbame su diskiniu ar noraginiu skutikliu ir&hellip;<\/div><\/div>\t\t<\/div>\r\n\t<\/article>\r\n\t<article class=\"w-grid-item size_1x1 post-6633 paslaugos type-paslaugos status-publish has-post-thumbnail hentry\" data-id=\"6633\">\r\n\t\t<div class=\"w-grid-item-h\">\r\n\t\t\t\t\t\t\t<a class=\"w-grid-item-anchor\" href=\"https:\/\/www.agroteka.lt\/es\/paslaugos\/kultivavimas\/\" rel=\"bookmark\" aria-label=\"Kultivavimas\"><\/a>\r\n\t\t\t\t\t\t<div class=\"w-post-elm post_image usg_post_image_1 has_ratio\"><div style=\"padding-bottom:66.6667%\"><\/div><a href=\"https:\/\/www.agroteka.lt\/es\/paslaugos\/kultivavimas\/\" aria-label=\"Kultivavimas\"><img width=\"1024\" height=\"640\" src=\"https:\/\/www.agroteka.lt\/wp-content\/uploads\/Kultivavimas_1.jpg\" class=\"attachment-full size-full wp-post-image\" alt=\"Kultivavimas\" decoding=\"async\" srcset=\"https:\/\/www.agroteka.lt\/wp-content\/uploads\/Kultivavimas_1.jpg 1024w, https:\/\/www.agroteka.lt\/wp-content\/uploads\/Kultivavimas_1-300x188.jpg 300w, https:\/\/www.agroteka.lt\/wp-content\/uploads\/Kultivavimas_1-640x400.jpg 640w\" sizes=\"(max-width: 1024px) 100vw, 1024px\" \/><\/a><\/div><div class=\"w-vwrapper usg_vwrapper_1 align_none valign_top\"><div class=\"w-hwrapper usg_hwrapper_1 align_none valign_top\"><\/div><h2 class=\"w-post-elm post_title usg_post_title_1 entry-title color_link_inherit\"><a href=\"https:\/\/www.agroteka.lt\/es\/paslaugos\/kultivavimas\/\">Kultivavimas<\/a><\/h2><div class=\"w-post-elm post_content usg_post_content_1\">Dirbame su kultivatoriumi ar germinatoriumi ir paruo\u0161iame&hellip;<\/div><\/div>\t\t<\/div>\r\n\t<\/article>\r\n<\/div><div class=\"w-grid-preloader\"><div class=\"g-preloader type_1\">\r\n\t<div><\/div>\r\n<\/div>\r\n<\/div>\t<div class=\"w-grid-json hidden\" onclick='return {&quot;action&quot;:&quot;us_ajax_grid&quot;,&quot;ajax_url&quot;:&quot;https:\\\/\\\/www.agroteka.lt\\\/wp-admin\\\/admin-ajax.php&quot;,&quot;infinite_scroll&quot;:0,&quot;max_num_pages&quot;:1,&quot;pagination&quot;:&quot;none&quot;,&quot;permalink_url&quot;:&quot;https:\\\/\\\/www.agroteka.lt\\\/es\\\/wp-json\\\/wp\\\/v2\\\/pages\\\/6615&quot;,&quot;template_vars&quot;:{&quot;columns&quot;:&quot;4&quot;,&quot;exclude_items&quot;:&quot;none&quot;,&quot;img_size&quot;:&quot;default&quot;,&quot;ignore_items_size&quot;:false,&quot;items_layout&quot;:&quot;291&quot;,&quot;items_offset&quot;:&quot;1&quot;,&quot;load_animation&quot;:&quot;none&quot;,&quot;overriding_link&quot;:&quot;post&quot;,&quot;post_id&quot;:6615,&quot;query_args&quot;:{&quot;ignore_sticky_posts&quot;:1,&quot;post_type&quot;:&quot;any&quot;,&quot;post__in&quot;:[&quot;6621&quot;,&quot;6633&quot;,&quot;6641&quot;],&quot;posts_per_page&quot;:&quot;10&quot;},&quot;orderby_query_args&quot;:{&quot;orderby&quot;:{&quot;date&quot;:&quot;DESC&quot;}},&quot;type&quot;:&quot;grid&quot;,&quot;us_grid_ajax_index&quot;:1,&quot;us_grid_filter_params&quot;:null,&quot;us_grid_index&quot;:1,&quot;_us_grid_post_type&quot;:&quot;ids&quot;}}'><\/div>\r\n\t<\/div><\/div><\/div><\/div><\/div><\/section><section class=\"l-section wpb_row height_small\"><div class=\"l-section-h i-cf\"><div class=\"g-cols vc_row via_grid cols_1 laptops-cols_inherit tablets-cols_inherit mobiles-cols_1 valign_top type_default stacking_default\"><div class=\"wpb_column vc_column_container\"><div class=\"vc_column-inner\"><div class=\"wpb_text_column\"><div class=\"wpb_wrapper\"><h3>Da\u017eniausiai u\u017eduodami klausimai:<\/h3>\n<\/div><\/div><div class=\"w-separator size_small\"><\/div><div class=\"wpb_text_column\"><div class=\"wpb_wrapper\"><p>Dalinam\u0117s atsakymais \u012f da\u017eniausiai u\u017eduodamus klausimus apie m\u016bs\u0173 atliekamas \u017eem\u0117s dirbimo paslaugas.<\/p>\n<\/div><\/div><div class=\"w-separator size_medium\"><\/div><div class=\"w-tabs style_default switch_click accordion type_togglable has_scrolling\" style=\"--sections-title-size:inherit\"><div class=\"w-tabs-sections titles-align_none icon_chevron cpos_right\"><div class=\"w-tabs-section\" id=\"db92\" itemscope itemprop=\"mainEntity\" itemtype=\"https:\/\/schema.org\/Question\"><button aria-controls=\"content-db92\" class=\"w-tabs-section-header\"><div class=\"w-tabs-section-title\" itemprop=\"name\">1\ufe0f\u20e3 Ar \u017eem\u0117s dirbimo paslaugas atliekate visoje Lietuvoje?<\/div><div class=\"w-tabs-section-control\"><\/div><\/button><div  class=\"w-tabs-section-content\" id=\"content-db92\" aria-expanded=\"false\" itemscope itemprop=\"acceptedAnswer\" itemtype=\"https:\/\/schema.org\/Answer\"><div class=\"w-tabs-section-content-h i-cf\" itemprop=\"text\"><div class=\"wpb_text_column\"><div class=\"wpb_wrapper\"><p>Taip, visas m\u016bs\u0173 si\u016blomas \u017eem\u0117s dirbimo paslaugas atliekame visoje Lietuvoje.<\/p>\n<\/div><\/div><\/div><\/div><\/div><div class=\"w-tabs-section\" id=\"tcdf\" itemscope itemprop=\"mainEntity\" itemtype=\"https:\/\/schema.org\/Question\"><button aria-controls=\"content-tcdf\" class=\"w-tabs-section-header\"><div class=\"w-tabs-section-title\" itemprop=\"name\">2\ufe0f\u20e3 Ar dirbate su savo technika ir operatoriais?<\/div><div class=\"w-tabs-section-control\"><\/div><\/button><div  class=\"w-tabs-section-content\" id=\"content-tcdf\" aria-expanded=\"false\" itemscope itemprop=\"acceptedAnswer\" itemtype=\"https:\/\/schema.org\/Answer\"><div class=\"w-tabs-section-content-h i-cf\" itemprop=\"text\"><div class=\"wpb_text_column\"><div class=\"wpb_wrapper\"><p>Taip, visos m\u016bs\u0173 si\u016blomos agro paslaugos yra atliekamos su m\u016bs\u0173 technika, su ja dirba tik patyr\u0119 technikos operatoriai.<\/p>\n<\/div><\/div><\/div><\/div><\/div><div class=\"w-tabs-section\" id=\"we14\" itemscope itemprop=\"mainEntity\" itemtype=\"https:\/\/schema.org\/Question\"><button aria-controls=\"content-we14\" class=\"w-tabs-section-header\"><div class=\"w-tabs-section-title\" itemprop=\"name\">3\ufe0f\u20e3 Ar atliekate tik \u017eem\u0117s dirbimo paslaugas?<\/div><div class=\"w-tabs-section-control\"><\/div><\/button><div  class=\"w-tabs-section-content\" id=\"content-we14\" aria-expanded=\"false\" itemscope itemprop=\"acceptedAnswer\" itemtype=\"https:\/\/schema.org\/Answer\"><div class=\"w-tabs-section-content-h i-cf\" itemprop=\"text\"><div class=\"wpb_text_column\"><div class=\"wpb_wrapper\"><p>Atliekame ne tik \u017eem\u0117s dirbimo paslaugas, bet ir si\u016blome s\u0117jos, pa\u0161ar\u0173 ruo\u0161imo, technikos nuomos, purk\u0161tuv\u0173 patikros, peili\u0173 galandimo paslaugas.<\/p>\n<\/div><\/div><\/div><\/div><\/div><\/div><\/div><\/div><\/div><\/div><\/div><\/section><section class=\"l-section wpb_row height_small\"><div class=\"l-section-h i-cf\"><div class=\"g-cols vc_row via_grid cols_1 laptops-cols_inherit tablets-cols_inherit mobiles-cols_1 valign_top type_default stacking_default\"><div class=\"wpb_column vc_column_container\"><div class=\"vc_column-inner\"><div class=\"wpb_text_column with_collapsible_content\" data-content-height=\"150px\"><div class=\"wpb_wrapper\"><h3>\u017dem\u0117s dirbimas &#8211; visoje Lietuvoje<\/h3>\n<p>M\u016bs\u0173 \u017eem\u0117s dirbimo paslaugos yra atliekamos visoje Lietuvoje, tad atvykstame \u012f bet kuri\u0105 viet\u0105 su savo technika bei patyrusiais operatoriais. Pasirink\u0119 dominan\u010di\u0105 \u017eem\u0117s dirbimo paslagu\u0105 galite j\u0105 u\u017esisakyti ir taip patik\u0117ti savo r\u016bpes\u010dius mums! Atliekame ne tik \u017eem\u0117s dirbimo, bet ir kitas paslaugas &#8211; pa\u0161ar\u0173 ruo\u0161imas, s\u0117ja, purk\u0161tuv\u0173 technin\u0117 patikra ir registracija, pa\u0161ar\u0173 peili\u0173 galandimas, technikos nuoma.<\/p>\n<p><!--more--><\/p>\n<div>\n<p>Atliekame <a href=\"\/sejos-paslaugos\/\">s\u0117jos paslaugas<\/a>, s\u0117jame &#8211; cukrinius runkelius, kukur\u016bzus, \u017eieminius rapsus taikant juostin\u0117s s\u0117jos (Strip-till) technologij\u0105, taip pat ir kitas gr\u016bdines kult\u016bras pagal J\u016bs\u0173 poreikius.<\/p>\n<p>Jei J\u016bs\u0173 \u016bkis yra gyvulininkyst\u0117s &#8211; galime Jums pasi\u016blyti ir <a href=\"\/pasaru-ruosimo-paslaugos\/\">pa\u0161ar\u0173 ruo\u0161imo paslaugas.<\/a> Dirbame su auk\u0161tos klas\u0117s \u0161ienapjov\u0117mis, gr\u0117bliais, presais-vyniotuvais. Galime pasi\u016blyti ir piln\u0105 pa\u0161ar\u0173 ruo\u0161imo paket\u0105 J\u016bs\u0173 \u016bkiui &#8211; nuo pjovimo, gr\u0117bimo iki presavimo \u012f ritinius. Atvykstame su savo technika bei patyrusiais operatoriais, tod\u0117l viskas, kuo reik\u0117s pasir\u016bpinti Jums &#8211; tik tur\u0117ti k\u0105 pjauti.<\/p>\n<p>Taip pat si\u016blome ir biri\u0173 med\u017eiag\u0173 presavimo \u012f ritinius paslaug\u0105 su auk\u0161tos klas\u0117s biri\u0173 med\u017eiag\u0173 presais Goweil Vario-Master. Presuojame kukur\u016bz\u0105, cukrini\u0173 runkeli\u0173 i\u0161spaudas ir kitas birias med\u017eiagas \u012f ritinius. Taip pat galime pasi\u016blyti ir gr\u016bd\u0173 trai\u0161kymo bei silosavimo \u012f rankoves paslaug\u0105, \u0161ias paslaugas taip pat atliekame su savo technika.<\/p>\n<p>Teikdami agro paslaugas u\u017etikriname maksimali\u0105 darbo kokyb\u0119 ir na\u0161um\u0105, tod\u0117l u\u017esisakydami b\u016bsite u\u017etikrinti, jog gaunate kokybi\u0161k\u0105 paslaug\u0105!<\/p>\n<p>Be abejo, prekiaujame ir kokybi\u0161ka <a href=\"\/zemes-ukio-technika\/\">\u017eem\u0117s \u016bkio technika<\/a> (<a href=\"\/zemes-ukio-technika\/sejamosios\/\">s\u0117jamosios<\/a>, <a href=\"\/zemes-ukio-technika\/diskiniai-skutikai\/\">diskiniai skutikai<\/a>, <a href=\"\/zemes-ukio-technika\/meslo-kratytuvai\/\">m\u0117\u0161lo kratytuvai<\/a> ir kt.), tad galime pasi\u016blyti ne tik paslaugas, bet ir auk\u0161tos klas\u0117s ma\u0161inas visiems \u016bkio poreikiams.<\/p>\n<\/div>\n<\/div><div class=\"toggle-links align_none\"><button class=\"collapsible-content-more\">Rodyti daugiau<\/button><button class=\"collapsible-content-less\">Rodyti ma\u017eiau<\/button><\/div><\/div><\/div><\/div><\/div><\/div><\/section>\n","protected":false},"excerpt":{"rendered":"<p>\u017dem\u0117s dirbimas &#8211; visoje Lietuvoje M\u016bs\u0173 \u017eem\u0117s dirbimo paslaugos yra atliekamos visoje Lietuvoje, tad atvykstame \u012f bet kuri\u0105 viet\u0105 su savo technika bei patyrusiais operatoriais. Pasirink\u0119 dominan\u010di\u0105 \u017eem\u0117s dirbimo paslagu\u0105 galite j\u0105 u\u017esisakyti ir taip patik\u0117ti savo r\u016bpes\u010dius mums! Atliekame ne tik \u017eem\u0117s dirbimo, bet ir kitas paslaugas &#8211; pa\u0161ar\u0173 ruo\u0161imas, s\u0117ja, purk\u0161tuv\u0173 technin\u0117 patikra&#8230;<\/p>","protected":false},"author":2,"featured_media":6696,"parent":0,"menu_order":5,"comment_status":"closed","ping_status":"closed","template":"","meta":{"inline_featured_image":false,"footnotes":"","iawp_total_views":808},"acf":[],"yoast_head":"<!-- This site is optimized with the Yoast SEO plugin v22.4 - https:\/\/yoast.com\/wordpress\/plugins\/seo\/ -->\n<title>\u017dem\u0117s dirbimo paslaugos - skutame, kultivuojame ir atliekame kitus darbus<\/title>\n<meta name=\"description\" content=\"Skutimo, kultivavimo ir giluminio purenimo darbai J\u016bs\u0173 \u016bkiui. Atliekame \u0161ias paslaugas visoje Lietuvoje su savo technika ir operatoriais.\" \/>\n<meta name=\"robots\" content=\"index, follow, max-snippet:-1, max-image-preview:large, max-video-preview:-1\" \/>\n<link rel=\"canonical\" href=\"https:\/\/www.agroteka.lt\/es\/servicios-de-labranza\/\" \/>\n<meta property=\"og:locale\" content=\"es_ES\" \/>\n<meta property=\"og:type\" content=\"article\" \/>\n<meta property=\"og:title\" content=\"\u017dem\u0117s dirbimo paslaugos - skutame, kultivuojame ir atliekame kitus darbus\" \/>\n<meta property=\"og:description\" content=\"Skutimo, kultivavimo ir giluminio purenimo darbai J\u016bs\u0173 \u016bkiui. Atliekame \u0161ias paslaugas visoje Lietuvoje su savo technika ir operatoriais.\" \/>\n<meta property=\"og:url\" content=\"https:\/\/www.agroteka.lt\/es\/servicios-de-labranza\/\" \/>\n<meta property=\"og:site_name\" content=\"Agroteka\" \/>\n<meta property=\"article:publisher\" content=\"https:\/\/www.facebook.com\/uabagroteka\" \/>\n<meta property=\"article:modified_time\" content=\"2023-02-24T12:23:49+00:00\" \/>\n<meta property=\"og:image\" content=\"https:\/\/www.agroteka.lt\/wp-content\/uploads\/zemes_dirbimo_agro_paslauga_2023.jpg\" \/>\n\t<meta property=\"og:image:width\" content=\"1024\" \/>\n\t<meta property=\"og:image:height\" content=\"640\" \/>\n\t<meta property=\"og:image:type\" content=\"image\/jpeg\" \/>\n<meta name=\"twitter:card\" content=\"summary_large_image\" \/>\n<meta name=\"twitter:label1\" content=\"Tiempo de lectura\" \/>\n\t<meta name=\"twitter:data1\" content=\"2 minutos\" \/>\n<script type=\"application\/ld+json\" class=\"yoast-schema-graph\">{\"@context\":\"https:\/\/schema.org\",\"@graph\":[{\"@type\":\"WebPage\",\"@id\":\"https:\/\/www.agroteka.lt\/zemes-dirbimo-paslaugos\/\",\"url\":\"https:\/\/www.agroteka.lt\/zemes-dirbimo-paslaugos\/\",\"name\":\"\u017dem\u0117s dirbimo paslaugos - skutame, kultivuojame ir atliekame kitus darbus\",\"isPartOf\":{\"@id\":\"https:\/\/www.agroteka.lt\/#website\"},\"primaryImageOfPage\":{\"@id\":\"https:\/\/www.agroteka.lt\/zemes-dirbimo-paslaugos\/#primaryimage\"},\"image\":{\"@id\":\"https:\/\/www.agroteka.lt\/zemes-dirbimo-paslaugos\/#primaryimage\"},\"thumbnailUrl\":\"https:\/\/www.agroteka.lt\/wp-content\/uploads\/zemes_dirbimo_agro_paslauga_2023.jpg\",\"datePublished\":\"2023-02-15T13:16:57+00:00\",\"dateModified\":\"2023-02-24T12:23:49+00:00\",\"description\":\"Skutimo, kultivavimo ir giluminio purenimo darbai J\u016bs\u0173 \u016bkiui. Atliekame \u0161ias paslaugas visoje Lietuvoje su savo technika ir operatoriais.\",\"breadcrumb\":{\"@id\":\"https:\/\/www.agroteka.lt\/zemes-dirbimo-paslaugos\/#breadcrumb\"},\"inLanguage\":\"es\",\"potentialAction\":[{\"@type\":\"ReadAction\",\"target\":[\"https:\/\/www.agroteka.lt\/zemes-dirbimo-paslaugos\/\"]}]},{\"@type\":\"ImageObject\",\"inLanguage\":\"es\",\"@id\":\"https:\/\/www.agroteka.lt\/zemes-dirbimo-paslaugos\/#primaryimage\",\"url\":\"https:\/\/www.agroteka.lt\/wp-content\/uploads\/zemes_dirbimo_agro_paslauga_2023.jpg\",\"contentUrl\":\"https:\/\/www.agroteka.lt\/wp-content\/uploads\/zemes_dirbimo_agro_paslauga_2023.jpg\",\"width\":1024,\"height\":640,\"caption\":\"\u017dem\u0117s dirbimo agro paslauga\"},{\"@type\":\"BreadcrumbList\",\"@id\":\"https:\/\/www.agroteka.lt\/zemes-dirbimo-paslaugos\/#breadcrumb\",\"itemListElement\":[{\"@type\":\"ListItem\",\"position\":1,\"name\":\"Home\",\"item\":\"https:\/\/www.agroteka.lt\/\"},{\"@type\":\"ListItem\",\"position\":2,\"name\":\"\u017dem\u0117s dirbimo paslaugos\"}]},{\"@type\":\"WebSite\",\"@id\":\"https:\/\/www.agroteka.lt\/#website\",\"url\":\"https:\/\/www.agroteka.lt\/\",\"name\":\"Agroteka\",\"description\":\"\u017dem\u0117s \u016bkio technika, agro paslaugos, atsargin\u0117s dalys.\",\"publisher\":{\"@id\":\"https:\/\/www.agroteka.lt\/#organization\"},\"potentialAction\":[{\"@type\":\"SearchAction\",\"target\":{\"@type\":\"EntryPoint\",\"urlTemplate\":\"https:\/\/www.agroteka.lt\/?s={search_term_string}\"},\"query-input\":\"required name=search_term_string\"}],\"inLanguage\":\"es\"},{\"@type\":\"Organization\",\"@id\":\"https:\/\/www.agroteka.lt\/#organization\",\"name\":\"Agroteka\",\"url\":\"https:\/\/www.agroteka.lt\/\",\"logo\":{\"@type\":\"ImageObject\",\"inLanguage\":\"es\",\"@id\":\"https:\/\/www.agroteka.lt\/#\/schema\/logo\/image\/\",\"url\":\"https:\/\/www.agroteka.lt\/wp-content\/uploads\/Agroteka_logo_bg.jpg\",\"contentUrl\":\"https:\/\/www.agroteka.lt\/wp-content\/uploads\/Agroteka_logo_bg.jpg\",\"width\":1000,\"height\":422,\"caption\":\"Agroteka\"},\"image\":{\"@id\":\"https:\/\/www.agroteka.lt\/#\/schema\/logo\/image\/\"},\"sameAs\":[\"https:\/\/www.facebook.com\/uabagroteka\",\"https:\/\/www.youtube.com\/user\/UABAgroteka\"]}]}<\/script>\n<!-- \/ Yoast SEO plugin. -->","yoast_head_json":{"title":"Servicios de cultivo de tierras: rastrillamos, cultivamos y realizamos otros trabajos.","description":"Ofrecemos servicios de escardado, cultivo y aflojamiento profundo para su explotaci\u00f3n agr\u00edcola. Ofrecemos estos servicios en toda Lituania con nuestro propio equipo y operarios.","robots":{"index":"index","follow":"follow","max-snippet":"max-snippet:-1","max-image-preview":"max-image-preview:large","max-video-preview":"max-video-preview:-1"},"canonical":"https:\/\/www.agroteka.lt\/es\/servicios-de-labranza\/","og_locale":"es_ES","og_type":"article","og_title":"\u017dem\u0117s dirbimo paslaugos - skutame, kultivuojame ir atliekame kitus darbus","og_description":"Skutimo, kultivavimo ir giluminio purenimo darbai J\u016bs\u0173 \u016bkiui. Atliekame \u0161ias paslaugas visoje Lietuvoje su savo technika ir operatoriais.","og_url":"https:\/\/www.agroteka.lt\/es\/servicios-de-labranza\/","og_site_name":"Agroteka","article_publisher":"https:\/\/www.facebook.com\/uabagroteka","article_modified_time":"2023-02-24T12:23:49+00:00","og_image":[{"width":1024,"height":640,"url":"https:\/\/www.agroteka.lt\/wp-content\/uploads\/zemes_dirbimo_agro_paslauga_2023.jpg","type":"image\/jpeg"}],"twitter_card":"summary_large_image","twitter_misc":{"Tiempo de lectura":"2 minutos"},"schema":{"@context":"https:\/\/schema.org","@graph":[{"@type":"WebPage","@id":"https:\/\/www.agroteka.lt\/zemes-dirbimo-paslaugos\/","url":"https:\/\/www.agroteka.lt\/zemes-dirbimo-paslaugos\/","name":"Servicios de cultivo de tierras: rastrillamos, cultivamos y realizamos otros trabajos.","isPartOf":{"@id":"https:\/\/www.agroteka.lt\/#website"},"primaryImageOfPage":{"@id":"https:\/\/www.agroteka.lt\/zemes-dirbimo-paslaugos\/#primaryimage"},"image":{"@id":"https:\/\/www.agroteka.lt\/zemes-dirbimo-paslaugos\/#primaryimage"},"thumbnailUrl":"https:\/\/www.agroteka.lt\/wp-content\/uploads\/zemes_dirbimo_agro_paslauga_2023.jpg","datePublished":"2023-02-15T13:16:57+00:00","dateModified":"2023-02-24T12:23:49+00:00","description":"Ofrecemos servicios de escardado, cultivo y aflojamiento profundo para su explotaci\u00f3n agr\u00edcola. Ofrecemos estos servicios en toda Lituania con nuestro propio equipo y operarios.","breadcrumb":{"@id":"https:\/\/www.agroteka.lt\/zemes-dirbimo-paslaugos\/#breadcrumb"},"inLanguage":"es","potentialAction":[{"@type":"ReadAction","target":["https:\/\/www.agroteka.lt\/zemes-dirbimo-paslaugos\/"]}]},{"@type":"ImageObject","inLanguage":"es","@id":"https:\/\/www.agroteka.lt\/zemes-dirbimo-paslaugos\/#primaryimage","url":"https:\/\/www.agroteka.lt\/wp-content\/uploads\/zemes_dirbimo_agro_paslauga_2023.jpg","contentUrl":"https:\/\/www.agroteka.lt\/wp-content\/uploads\/zemes_dirbimo_agro_paslauga_2023.jpg","width":1024,"height":640,"caption":"\u017dem\u0117s dirbimo agro paslauga"},{"@type":"BreadcrumbList","@id":"https:\/\/www.agroteka.lt\/zemes-dirbimo-paslaugos\/#breadcrumb","itemListElement":[{"@type":"ListItem","position":1,"name":"Home","item":"https:\/\/www.agroteka.lt\/"},{"@type":"ListItem","position":2,"name":"\u017dem\u0117s dirbimo paslaugos"}]},{"@type":"WebSite","@id":"https:\/\/www.agroteka.lt\/#website","url":"https:\/\/www.agroteka.lt\/","name":"Agrotecnolog\u00eda","description":"Maquinaria agr\u00edcola, servicios agr\u00edcolas, repuestos.","publisher":{"@id":"https:\/\/www.agroteka.lt\/#organization"},"potentialAction":[{"@type":"SearchAction","target":{"@type":"EntryPoint","urlTemplate":"https:\/\/www.agroteka.lt\/?s={search_term_string}"},"query-input":"required name=search_term_string"}],"inLanguage":"es"},{"@type":"Organization","@id":"https:\/\/www.agroteka.lt\/#organization","name":"Agrotecnolog\u00eda","url":"https:\/\/www.agroteka.lt\/","logo":{"@type":"ImageObject","inLanguage":"es","@id":"https:\/\/www.agroteka.lt\/#\/schema\/logo\/image\/","url":"https:\/\/www.agroteka.lt\/wp-content\/uploads\/Agroteka_logo_bg.jpg","contentUrl":"https:\/\/www.agroteka.lt\/wp-content\/uploads\/Agroteka_logo_bg.jpg","width":1000,"height":422,"caption":"Agroteka"},"image":{"@id":"https:\/\/www.agroteka.lt\/#\/schema\/logo\/image\/"},"sameAs":["https:\/\/www.facebook.com\/uabagroteka","https:\/\/www.youtube.com\/user\/UABAgroteka"]}]}},"_links":{"self":[{"href":"https:\/\/www.agroteka.lt\/es\/wp-json\/wp\/v2\/pages\/6615"}],"collection":[{"href":"https:\/\/www.agroteka.lt\/es\/wp-json\/wp\/v2\/pages"}],"about":[{"href":"https:\/\/www.agroteka.lt\/es\/wp-json\/wp\/v2\/types\/page"}],"author":[{"embeddable":true,"href":"https:\/\/www.agroteka.lt\/es\/wp-json\/wp\/v2\/users\/2"}],"replies":[{"embeddable":true,"href":"https:\/\/www.agroteka.lt\/es\/wp-json\/wp\/v2\/comments?post=6615"}],"version-history":[{"count":9,"href":"https:\/\/www.agroteka.lt\/es\/wp-json\/wp\/v2\/pages\/6615\/revisions"}],"predecessor-version":[{"id":6652,"href":"https:\/\/www.agroteka.lt\/es\/wp-json\/wp\/v2\/pages\/6615\/revisions\/6652"}],"wp:featuredmedia":[{"embeddable":true,"href":"https:\/\/www.agroteka.lt\/es\/wp-json\/wp\/v2\/media\/6696"}],"wp:attachment":[{"href":"https:\/\/www.agroteka.lt\/es\/wp-json\/wp\/v2\/media?parent=6615"}],"curies":[{"name":"wp","href":"https:\/\/api.w.org\/{rel}","templated":true}]}}