{"id":295,"date":"2022-03-03T15:03:19","date_gmt":"2022-03-03T12:03:19","guid":{"rendered":"http:\/\/92.62.138.38\/?page_id=295"},"modified":"2026-03-19T16:26:02","modified_gmt":"2026-03-19T13:26:02","slug":"servicio","status":"publish","type":"page","link":"https:\/\/www.agroteka.lt\/es\/servisas\/","title":{"rendered":"Servicio"},"content":{"rendered":"<section class=\"l-section wpb_row us_custom_e7c3a50b height_medium color_alternate\"><div class=\"l-section-h i-cf\"><div class=\"g-cols vc_row via_grid cols_4-1 laptops-cols_inherit tablets-cols_inherit mobiles-cols_1 valign_middle type_default stacking_default\"><div class=\"wpb_column vc_column_container\"><div class=\"vc_column-inner\"><ol class=\"g-breadcrumbs us_custom_5c006ea7 has_text_color separator_custom align_none\" itemscope itemtype=\"http:\/\/schema.org\/BreadcrumbList\"><li class=\"g-breadcrumbs-item\" itemscope itemprop=\"itemListElement\" itemtype=\"http:\/\/schema.org\/ListItem\"><a itemprop=\"item\" href=\"https:\/\/www.agroteka.lt\/es\/\"><span itemprop=\"name\">Inicio<\/span><\/a><meta itemprop=\"position\" content=\"1\"\/><\/li><li class=\"g-breadcrumbs-separator\">\/<\/li><li class=\"g-breadcrumbs-item\">P\u00e1ginas<\/li><\/ol><div class=\"w-separator size_small\"><\/div><h1 class=\"w-post-elm post_title us_custom_8e46ea77 entry-title color_link_inherit\">Servicio<\/h1><\/div><\/div><div class=\"wpb_column vc_column_container\"><div class=\"vc_column-inner\"><\/div><\/div><\/div><\/div><\/section><section class=\"l-section wpb_row height_medium\"><div class=\"l-section-h i-cf\"><div class=\"g-cols vc_row via_grid cols_1 laptops-cols_inherit tablets-cols_inherit mobiles-cols_1 valign_middle type_default stacking_default\"><div class=\"wpb_column vc_column_container\"><div class=\"vc_column-inner\"><div class=\"g-cols wpb_row via_grid cols_1 laptops-cols_inherit tablets-cols_inherit mobiles-cols_1 valign_top type_default stacking_default\"><div class=\"wpb_column vc_column_container\"><div class=\"vc_column-inner\"><div class=\"wpb_text_column\"><div class=\"wpb_wrapper\"><h2 style=\"text-align: center;\">T\u00e9cnicos de servicio profesionales<\/h2>\n<\/div><\/div><\/div><\/div><\/div><div class=\"w-separator size_large\"><\/div><div class=\"g-cols wpb_row via_grid cols_3 laptops-cols_inherit tablets-cols_inherit mobiles-cols_1 valign_top type_default stacking_default\"><div class=\"wpb_column vc_column_container\"><div class=\"vc_column-inner\"><div class=\"w-iconbox iconpos_left style_default color_primary align_left\"><div class=\"w-iconbox-icon\" style=\"font-size:2rem;\"><i class=\"fad fa-history\"><\/i><\/div><div class=\"w-iconbox-meta\"><h4 class=\"w-iconbox-title\">Asistencia t\u00e9cnica inmediata<\/h4><div class=\"w-iconbox-text\"><p>Los t\u00e9cnicos de servicio garantizan el buen funcionamiento de los equipos y responden r\u00e1pidamente a las llamadas en caso de aver\u00eda, llegando a las instalaciones de toda Lituania.<\/p>\n<\/div><\/div><\/div><\/div><\/div><div class=\"wpb_column vc_column_container\"><div class=\"vc_column-inner\"><div class=\"w-iconbox iconpos_left style_default color_primary align_left\"><div class=\"w-iconbox-icon\" style=\"font-size:2rem;\"><i class=\"fad fa-tools\"><\/i><\/div><div class=\"w-iconbox-meta\"><h4 class=\"w-iconbox-title\">Trabajo de calidad<\/h4><div class=\"w-iconbox-text\"><p>Utilizamos equipos avanzados y piezas originales, por lo que todas las reparaciones y el mantenimiento se realizan con precisi\u00f3n y calidad.<\/p>\n<\/div><\/div><\/div><\/div><\/div><div class=\"wpb_column vc_column_container\"><div class=\"vc_column-inner\"><div class=\"w-iconbox iconpos_left style_default color_primary align_left\"><div class=\"w-iconbox-icon\" style=\"font-size:2rem;\"><i class=\"fad fa-handshake\"><\/i><\/div><div class=\"w-iconbox-meta\"><h4 class=\"w-iconbox-title\">Servicio profesional<\/h4><div class=\"w-iconbox-text\"><p>Trabajamos en estrecha colaboraci\u00f3n con los fabricantes de la maquinaria agr\u00edcola que representamos, por lo que siempre podemos ofrecerle asistencia profesional.<\/p>\n<\/div><\/div><\/div><\/div><\/div><\/div><\/div><\/div><\/div><\/div><\/section><section class=\"l-section wpb_row boxshadow height_medium with_img\"><div class=\"l-section-img\" style=\"background-image: url(https:\/\/www.agroteka.lt\/wp-content\/uploads\/bg-min.png);\" data-img-width=\"1366\" data-img-height=\"768\"><\/div><div class=\"l-section-h i-cf\"><div class=\"g-cols vc_row via_grid cols_1 laptops-cols_inherit tablets-cols_inherit mobiles-cols_1 valign_middle type_default stacking_default\" style=\"grid-gap:5rem;\"><div class=\"wpb_column vc_column_container\"><div class=\"vc_column-inner\"><div class=\"g-cols wpb_row via_grid cols_1 laptops-cols_inherit tablets-cols_inherit mobiles-cols_1 valign_top type_default stacking_default\"><div class=\"wpb_column vc_column_container\"><div class=\"vc_column-inner\"><div class=\"wpb_text_column\"><div class=\"wpb_wrapper\"><h2 style=\"text-align: center;\">Servicios de servicio<\/h2>\n<p style=\"text-align: center;\">Nuestros ingenieros mec\u00e1nicos altamente calificados brindan diversos servicios de maquinaria agr\u00edcola.<\/p>\n<\/div><\/div><div class=\"w-separator size_medium\"><\/div><\/div><\/div><\/div><div class=\"g-cols wpb_row via_grid cols_2 laptops-cols_inherit tablets-cols_inherit mobiles-cols_1 valign_top type_default stacking_default\"><div class=\"wpb_column vc_column_container\"><div class=\"vc_column-inner\"><div class=\"wpb_text_column\"><div class=\"wpb_wrapper\"><ul>\n<li>Asistencia t\u00e9cnica;<\/li>\n<li>Una amplia gama de reparaciones durante toda la vida \u00fatil de la m\u00e1quina;<\/li>\n<li>Consulta y asesoramiento;<\/li>\n<li>Preparar el equipo para el trabajo;<\/li>\n<li>Formaci\u00f3n en el uso de maquinaria;<\/li>\n<\/ul>\n<\/div><\/div><\/div><\/div><div class=\"wpb_column vc_column_container\"><div class=\"vc_column-inner\"><div class=\"wpb_text_column\"><div class=\"wpb_wrapper\"><ul>\n<li>Inspecciones post\/pretemporada de la maquinaria, prepar\u00e1ndola para el trabajo;<\/li>\n<li>Inspecci\u00f3n de pulverizadores y equipos de pulverizaci\u00f3n de productos fitosanitarios;<\/li>\n<li>Afilado de cuchillas en m\u00e1quinas de preparaci\u00f3n de piensos;<\/li>\n<li>Instalaci\u00f3n de sistemas de direcci\u00f3n autom\u00e1tica.<\/li>\n<\/ul>\n<\/div><\/div><\/div><\/div><\/div><\/div><\/div><\/div><\/div><\/section><section class=\"l-section wpb_row height_medium\"><div class=\"l-section-h i-cf\"><div class=\"g-cols vc_row via_grid cols_1 laptops-cols_inherit tablets-cols_inherit mobiles-cols_1 valign_top type_default stacking_default\"><div class=\"wpb_column vc_column_container\"><div class=\"vc_column-inner\"><div class=\"g-cols wpb_row via_grid cols_1 laptops-cols_inherit tablets-cols_inherit mobiles-cols_1 valign_top type_default stacking_default\"><div class=\"wpb_column vc_column_container\"><div class=\"vc_column-inner\"><div class=\"wpb_text_column\"><div class=\"wpb_wrapper\"><h2 style=\"text-align: center;\">Tarifas de servicio<\/h2>\n<\/div><\/div><\/div><\/div><\/div><div class=\"w-separator size_small\"><\/div><div class=\"wpb_text_column\"><div class=\"wpb_wrapper\"><div id=\"tablepress-283-scroll-wrapper\" class=\"tablepress-scroll-wrapper\">\n\n<table id=\"tablepress-283\" class=\"tablepress tablepress-id-283 tablepress-responsive\">\n<thead>\n<tr class=\"row-1 odd\">\n\t<th class=\"column-1\"><\/th><th class=\"column-2\">IVA no incluido, Eur<\/th>\n<\/tr>\n<\/thead>\n<tbody class=\"row-hover\">\n<tr class=\"row-2 even\">\n\t<td class=\"column-1\">Precio por hora de servicio en horas laborables*.<\/td><td class=\"column-2\">65<\/td>\n<\/tr>\n<tr class=\"row-3 odd\">\n\t<td class=\"column-1\">Precio de la hora de servicio fuera del horario laboral, fines de semana y festivos<\/td><td class=\"column-2\">100<\/td>\n<\/tr>\n<tr class=\"row-4 even\">\n\t<td class=\"column-1\">Coche de servicio tarifa 1 km**<\/td><td class=\"column-2\">0,65<\/td>\n<\/tr>\n<tr class=\"row-5 odd\">\n\t<td class=\"column-1\">Gastos de desplazamiento en horario laboral<\/td><td class=\"column-2\">50<\/td>\n<\/tr>\n<tr class=\"row-6 even\">\n\t<td class=\"column-1\">Gastos de llamada fuera de horario, fines de semana y d\u00edas festivos<\/td><td class=\"column-2\">100<\/td>\n<\/tr>\n<tr class=\"row-7 odd\">\n\t<td class=\"column-1\">Coste del equipo de lavado (s\u00f3lo en Agroteka), 1 hora.<\/td><td class=\"column-2\">80<\/td>\n<\/tr>\n<tr class=\"row-8 even\">\n\t<td class=\"column-1\">Equilibrado de ejes con la llegada del cliente<\/td><td class=\"column-2\">371,90<\/td>\n<\/tr>\n<\/tbody>\n<\/table>\n\n<\/div><!-- #tablepress-283 from cache -->\n<\/div><\/div><div class=\"wpb_text_column\"><div class=\"wpb_wrapper\"><p><em>* horario de apertura est\u00e1ndar de 8.00 a 17.00 los d\u00edas laborables.<\/em><br \/>\n<em>** los kil\u00f3metros se calculan desde UAB Agroteka, Perspektyvos g. 32, Kaunas, hasta el objeto que debe repararse en ambas direcciones.<br \/>\n<\/em><\/p>\n<p>Las horas de servicio se redondean a los 15 minutos m\u00e1s pr\u00f3ximos.<\/p>\n<\/div><\/div><\/div><\/div><\/div><\/div><\/section><section class=\"l-section wpb_row boxshadow height_medium with_img\"><div class=\"l-section-img\" style=\"background-image: url(https:\/\/www.agroteka.lt\/wp-content\/uploads\/bg-min.png);\" data-img-width=\"1366\" data-img-height=\"768\"><\/div><div class=\"l-section-h i-cf\"><div class=\"g-cols vc_row via_grid cols_2 laptops-cols_inherit tablets-cols_inherit mobiles-cols_1 valign_middle type_default stacking_default\" style=\"grid-gap:5rem;\"><div class=\"wpb_column vc_column_container\"><div class=\"vc_column-inner\"><div class=\"w-image style_shadow-2 align_none\"><div class=\"w-image-h\"><div class=\"w-image-shadow\" style=\"background-image:url(https:\/\/www.agroteka.lt\/wp-content\/uploads\/agrotekos_servisas.jpg);\"><\/div><img width=\"1024\" height=\"767\" src=\"https:\/\/www.agroteka.lt\/wp-content\/uploads\/agrotekos_servisas.jpg\" class=\"attachment-large size-large\" alt=\"Servicio de Agroteka\" decoding=\"async\" srcset=\"https:\/\/www.agroteka.lt\/wp-content\/uploads\/agrotekos_servisas.jpg 1024w, https:\/\/www.agroteka.lt\/wp-content\/uploads\/agrotekos_servisas-300x225.jpg 300w\" sizes=\"(max-width: 1024px) 100vw, 1024px\" \/><\/div><\/div><\/div><\/div><div class=\"wpb_column vc_column_container\"><div class=\"vc_column-inner\"><div class=\"wpb_text_column\"><div class=\"wpb_wrapper\"><h2 style=\"text-align: left;\">Contactos<\/h2>\n<p>Si tiene alguna pregunta o necesita asistencia t\u00e9cnica, p\u00f3ngase en contacto con los siguientes contactos:<\/p>\n<\/div><\/div><div class=\"w-separator size_small\"><\/div><h5 class=\"w-text us_custom_15b483e0 has_text_color icon_atleft\"><a href=\"tel:+370 612 15111\" class=\"w-text-h\"><i class=\"fas fa-mobile-alt\"><\/i><span class=\"w-text-value\">+370 612 15111<\/span><\/a><\/h5><div class=\"w-separator size_custom\" style=\"height:10px\"><\/div><h5 class=\"w-text us_custom_15b483e0 has_text_color icon_atleft\"><a href=\"mailto:servisas@agroteka.lt\" class=\"w-text-h\"><i class=\"far fa-envelope\"><\/i><span class=\"w-text-value\">servisas@agroteka.lt<\/span><\/a><\/h5><div class=\"w-separator size_custom\" style=\"height:10px\"><\/div><h5 class=\"w-text us_custom_15b483e0 has_text_color icon_atleft\"><span class=\"w-text-h\"><i class=\"far fa-map-marker-check\"><\/i><span class=\"w-text-value\">Calle Perspektyvos 32, Kaunas<\/span><\/span><\/h5><\/div><\/div><\/div><\/div><\/section>","protected":false},"excerpt":{"rendered":"Inicio\/P\u00e1ginasServisasProfesional\u016bs serviso specialistai Operatyvi technin\u0117 pagalbaServiso specialistai u\u017etikrina skland\u0173 technikos veikim\u0105, o esant gedimams operatyviai reaguoja \u012f i\u0161kvietimus ir atvyksta \u012f viet\u0105 visoje Lietuvoje. Auk\u0161\u010diausios kokyb\u0117s darbaiNaudojame pa\u017eangi\u0105 \u012frang\u0105 ir originalias dalis, tod\u0117l visi remonto ir prie\u017ei\u016bros darbai atliekami tiksliai ir kokybi\u0161kai. Profesionalus aptarnavimasGlaud\u017eiai bendradarbiaujame su atstovaujam\u0173 \u017eem\u0117s \u016bkio technikos gamintojais, tod\u0117l visada galime suteikti...","protected":false},"author":1,"featured_media":0,"parent":0,"menu_order":17,"comment_status":"closed","ping_status":"closed","template":"","meta":{"inline_featured_image":false,"footnotes":"","iawp_total_views":1024},"acf":[],"yoast_head":"<!-- This site is optimized with the Yoast SEO plugin v22.4 - https:\/\/yoast.com\/wordpress\/plugins\/seo\/ -->\n<title>\u017dem\u0117s \u016bkio technikos servisas ir aptarnavimas | Agroteka<\/title>\n<meta name=\"description\" content=\"\u017dem\u0117s \u016bkio technikos servisas - garantinis ir negarantinis aptarnavimas bei remontas, purk\u0161tuv\u0173 registracijos paslaugos. Visoje Lietuvoje.\" \/>\n<meta name=\"robots\" content=\"index, follow, max-snippet:-1, max-image-preview:large, max-video-preview:-1\" \/>\n<link rel=\"canonical\" href=\"https:\/\/www.agroteka.lt\/es\/servicio\/\" \/>\n<meta property=\"og:locale\" content=\"es_ES\" \/>\n<meta property=\"og:type\" content=\"article\" \/>\n<meta property=\"og:title\" content=\"\u017dem\u0117s \u016bkio technikos servisas ir aptarnavimas | Agroteka\" \/>\n<meta property=\"og:description\" content=\"\u017dem\u0117s \u016bkio technikos servisas - garantinis ir negarantinis aptarnavimas bei remontas, purk\u0161tuv\u0173 registracijos paslaugos. Visoje Lietuvoje.\" \/>\n<meta property=\"og:url\" content=\"https:\/\/www.agroteka.lt\/es\/servicio\/\" \/>\n<meta property=\"og:site_name\" content=\"Agroteka\" \/>\n<meta property=\"article:publisher\" content=\"https:\/\/www.facebook.com\/uabagroteka\" \/>\n<meta property=\"article:modified_time\" content=\"2026-03-19T13:26:02+00:00\" \/>\n<meta name=\"twitter:card\" content=\"summary_large_image\" \/>\n<meta name=\"twitter:label1\" content=\"Tiempo de lectura\" \/>\n\t<meta name=\"twitter:data1\" content=\"2 minutos\" \/>\n<script type=\"application\/ld+json\" class=\"yoast-schema-graph\">{\"@context\":\"https:\/\/schema.org\",\"@graph\":[{\"@type\":\"WebPage\",\"@id\":\"https:\/\/www.agroteka.lt\/servisas\/\",\"url\":\"https:\/\/www.agroteka.lt\/servisas\/\",\"name\":\"\u017dem\u0117s \u016bkio technikos servisas ir aptarnavimas | Agroteka\",\"isPartOf\":{\"@id\":\"https:\/\/www.agroteka.lt\/#website\"},\"datePublished\":\"2022-03-03T12:03:19+00:00\",\"dateModified\":\"2026-03-19T13:26:02+00:00\",\"description\":\"\u017dem\u0117s \u016bkio technikos servisas - garantinis ir negarantinis aptarnavimas bei remontas, purk\u0161tuv\u0173 registracijos paslaugos. Visoje Lietuvoje.\",\"breadcrumb\":{\"@id\":\"https:\/\/www.agroteka.lt\/servisas\/#breadcrumb\"},\"inLanguage\":\"es\",\"potentialAction\":[{\"@type\":\"ReadAction\",\"target\":[\"https:\/\/www.agroteka.lt\/servisas\/\"]}]},{\"@type\":\"BreadcrumbList\",\"@id\":\"https:\/\/www.agroteka.lt\/servisas\/#breadcrumb\",\"itemListElement\":[{\"@type\":\"ListItem\",\"position\":1,\"name\":\"Home\",\"item\":\"https:\/\/www.agroteka.lt\/\"},{\"@type\":\"ListItem\",\"position\":2,\"name\":\"Servisas\"}]},{\"@type\":\"WebSite\",\"@id\":\"https:\/\/www.agroteka.lt\/#website\",\"url\":\"https:\/\/www.agroteka.lt\/\",\"name\":\"Agroteka\",\"description\":\"\u017dem\u0117s \u016bkio technika, agro paslaugos, atsargin\u0117s dalys.\",\"publisher\":{\"@id\":\"https:\/\/www.agroteka.lt\/#organization\"},\"potentialAction\":[{\"@type\":\"SearchAction\",\"target\":{\"@type\":\"EntryPoint\",\"urlTemplate\":\"https:\/\/www.agroteka.lt\/?s={search_term_string}\"},\"query-input\":\"required name=search_term_string\"}],\"inLanguage\":\"es\"},{\"@type\":\"Organization\",\"@id\":\"https:\/\/www.agroteka.lt\/#organization\",\"name\":\"Agroteka\",\"url\":\"https:\/\/www.agroteka.lt\/\",\"logo\":{\"@type\":\"ImageObject\",\"inLanguage\":\"es\",\"@id\":\"https:\/\/www.agroteka.lt\/#\/schema\/logo\/image\/\",\"url\":\"https:\/\/www.agroteka.lt\/wp-content\/uploads\/Agroteka_logo_bg.jpg\",\"contentUrl\":\"https:\/\/www.agroteka.lt\/wp-content\/uploads\/Agroteka_logo_bg.jpg\",\"width\":1000,\"height\":422,\"caption\":\"Agroteka\"},\"image\":{\"@id\":\"https:\/\/www.agroteka.lt\/#\/schema\/logo\/image\/\"},\"sameAs\":[\"https:\/\/www.facebook.com\/uabagroteka\",\"https:\/\/www.youtube.com\/user\/UABAgroteka\"]}]}<\/script>\n<!-- \/ Yoast SEO plugin. -->","yoast_head_json":{"title":"Servicio y mantenimiento de maquinaria agr\u00edcola | Agroteka","description":"Servicio de maquinaria agr\u00edcola: servicio y reparaci\u00f3n con y sin garant\u00eda, registro de pulverizadores. En toda Lituania.","robots":{"index":"index","follow":"follow","max-snippet":"max-snippet:-1","max-image-preview":"max-image-preview:large","max-video-preview":"max-video-preview:-1"},"canonical":"https:\/\/www.agroteka.lt\/es\/servicio\/","og_locale":"es_ES","og_type":"article","og_title":"\u017dem\u0117s \u016bkio technikos servisas ir aptarnavimas | Agroteka","og_description":"\u017dem\u0117s \u016bkio technikos servisas - garantinis ir negarantinis aptarnavimas bei remontas, purk\u0161tuv\u0173 registracijos paslaugos. Visoje Lietuvoje.","og_url":"https:\/\/www.agroteka.lt\/es\/servicio\/","og_site_name":"Agroteka","article_publisher":"https:\/\/www.facebook.com\/uabagroteka","article_modified_time":"2026-03-19T13:26:02+00:00","twitter_card":"summary_large_image","twitter_misc":{"Tiempo de lectura":"2 minutos"},"schema":{"@context":"https:\/\/schema.org","@graph":[{"@type":"WebPage","@id":"https:\/\/www.agroteka.lt\/servisas\/","url":"https:\/\/www.agroteka.lt\/servisas\/","name":"Servicio y mantenimiento de maquinaria agr\u00edcola | Agroteka","isPartOf":{"@id":"https:\/\/www.agroteka.lt\/#website"},"datePublished":"2022-03-03T12:03:19+00:00","dateModified":"2026-03-19T13:26:02+00:00","description":"Servicio de maquinaria agr\u00edcola: servicio y reparaci\u00f3n con y sin garant\u00eda, registro de pulverizadores. En toda Lituania.","breadcrumb":{"@id":"https:\/\/www.agroteka.lt\/servisas\/#breadcrumb"},"inLanguage":"es","potentialAction":[{"@type":"ReadAction","target":["https:\/\/www.agroteka.lt\/servisas\/"]}]},{"@type":"BreadcrumbList","@id":"https:\/\/www.agroteka.lt\/servisas\/#breadcrumb","itemListElement":[{"@type":"ListItem","position":1,"name":"Home","item":"https:\/\/www.agroteka.lt\/"},{"@type":"ListItem","position":2,"name":"Servisas"}]},{"@type":"WebSite","@id":"https:\/\/www.agroteka.lt\/#website","url":"https:\/\/www.agroteka.lt\/","name":"Agrotecnolog\u00eda","description":"Maquinaria agr\u00edcola, servicios agr\u00edcolas, repuestos.","publisher":{"@id":"https:\/\/www.agroteka.lt\/#organization"},"potentialAction":[{"@type":"SearchAction","target":{"@type":"EntryPoint","urlTemplate":"https:\/\/www.agroteka.lt\/?s={search_term_string}"},"query-input":"required name=search_term_string"}],"inLanguage":"es"},{"@type":"Organization","@id":"https:\/\/www.agroteka.lt\/#organization","name":"Agrotecnolog\u00eda","url":"https:\/\/www.agroteka.lt\/","logo":{"@type":"ImageObject","inLanguage":"es","@id":"https:\/\/www.agroteka.lt\/#\/schema\/logo\/image\/","url":"https:\/\/www.agroteka.lt\/wp-content\/uploads\/Agroteka_logo_bg.jpg","contentUrl":"https:\/\/www.agroteka.lt\/wp-content\/uploads\/Agroteka_logo_bg.jpg","width":1000,"height":422,"caption":"Agroteka"},"image":{"@id":"https:\/\/www.agroteka.lt\/#\/schema\/logo\/image\/"},"sameAs":["https:\/\/www.facebook.com\/uabagroteka","https:\/\/www.youtube.com\/user\/UABAgroteka"]}]}},"_links":{"self":[{"href":"https:\/\/www.agroteka.lt\/es\/wp-json\/wp\/v2\/pages\/295"}],"collection":[{"href":"https:\/\/www.agroteka.lt\/es\/wp-json\/wp\/v2\/pages"}],"about":[{"href":"https:\/\/www.agroteka.lt\/es\/wp-json\/wp\/v2\/types\/page"}],"author":[{"embeddable":true,"href":"https:\/\/www.agroteka.lt\/es\/wp-json\/wp\/v2\/users\/1"}],"replies":[{"embeddable":true,"href":"https:\/\/www.agroteka.lt\/es\/wp-json\/wp\/v2\/comments?post=295"}],"version-history":[{"count":27,"href":"https:\/\/www.agroteka.lt\/es\/wp-json\/wp\/v2\/pages\/295\/revisions"}],"predecessor-version":[{"id":19873,"href":"https:\/\/www.agroteka.lt\/es\/wp-json\/wp\/v2\/pages\/295\/revisions\/19873"}],"wp:attachment":[{"href":"https:\/\/www.agroteka.lt\/es\/wp-json\/wp\/v2\/media?parent=295"}],"curies":[{"name":"wp","href":"https:\/\/api.w.org\/{rel}","templated":true}]}}