{"id":199,"date":"2022-02-28T15:00:18","date_gmt":"2022-02-28T12:00:18","guid":{"rendered":"http:\/\/92.62.138.38\/?page_id=199"},"modified":"2026-04-09T14:44:57","modified_gmt":"2026-04-09T11:44:57","slug":"kontakte","status":"publish","type":"page","link":"https:\/\/www.agroteka.lt\/de\/kontaktai\/","title":{"rendered":"Kontakte"},"content":{"rendered":"<section class=\"l-section wpb_row us_custom_c760530f height_medium color_alternate\"><div class=\"l-section-h i-cf\"><div class=\"g-cols vc_row via_grid cols_4-1 laptops-cols_inherit tablets-cols_inherit mobiles-cols_1 valign_middle type_default stacking_default\"><div class=\"wpb_column vc_column_container\"><div class=\"vc_column-inner\"><ol class=\"g-breadcrumbs us_custom_5c006ea7 has_text_color separator_custom align_none\" itemscope itemtype=\"http:\/\/schema.org\/BreadcrumbList\"><li class=\"g-breadcrumbs-item\" itemscope itemprop=\"itemListElement\" itemtype=\"http:\/\/schema.org\/ListItem\"><a itemprop=\"item\" href=\"https:\/\/www.agroteka.lt\/de\/\"><span itemprop=\"name\">Start<\/span><\/a><meta itemprop=\"position\" content=\"1\"\/><\/li><li class=\"g-breadcrumbs-separator\">\/<\/li><li class=\"g-breadcrumbs-item\">Seiten<\/li><\/ol><div class=\"w-separator size_small\"><\/div><h1 class=\"w-post-elm post_title us_custom_8e46ea77 entry-title color_link_inherit\">Kontakte<\/h1><\/div><\/div><div class=\"wpb_column vc_column_container\"><div class=\"vc_column-inner\"><\/div><\/div><\/div><\/div><\/section><section class=\"l-section wpb_row height_medium\"><div class=\"l-section-h i-cf\"><div class=\"g-cols vc_row via_grid cols_1 laptops-cols_inherit tablets-cols_inherit mobiles-cols_1 valign_top type_default stacking_default\"><div class=\"wpb_column vc_column_container\"><div class=\"vc_column-inner\"><div class=\"wpb_text_column\"><div class=\"wpb_wrapper\"><p>Ben\u00f6tigen Sie Hilfe zu Maschinen, Agrardienstleistungen, Ersatzteilen oder anderen Anliegen? W\u00e4hlen Sie die passende Abteilung \u2013 wir helfen Ihnen gerne weiter!<\/p>\n<\/div><\/div><div class=\"w-separator size_medium\"><\/div><div class=\"g-cols wpb_row via_grid cols_2 laptops-cols_inherit tablets-cols_inherit mobiles-cols_1 valign_middle type_default stacking_default\"><div class=\"wpb_column vc_column_container\"><div class=\"vc_column-inner\"><div class=\"w-separator  hide_on_default hide_on_laptops hide_on_tablets size_medium\"><\/div><div class=\"wpb_text_column\"><div class=\"wpb_wrapper\"><h3 style=\"text-align: left;\">W\u00e4hlen Sie, was Sie interessiert:<strong><br \/>\n<\/strong><\/h3>\n<\/div><\/div><div class=\"w-separator size_medium\"><\/div><div class=\"w-separator  hide_on_default hide_on_laptops size_medium\"><\/div><div class=\"w-tabs style_default switch_click accordion\" style=\"--sections-title-size:inherit\"><div class=\"w-tabs-sections titles-align_none icon_chevron cpos_right\"><div class=\"w-tabs-section\" id=\"e579\"><button aria-controls=\"content-e579\" class=\"w-tabs-section-header with_icon\"><i class=\"fal fa-tractor\"><\/i><div class=\"w-tabs-section-title\">Kauf oder Miete von Ausr\u00fcstung<\/div><div class=\"w-tabs-section-control\"><\/div><\/button><div  class=\"w-tabs-section-content\" id=\"content-e579\" aria-expanded=\"false\"><div class=\"w-tabs-section-content-h i-cf\"><div class=\"wpb_text_column\"><div class=\"wpb_wrapper\"><h3>Technische Abteilung<\/h3>\n<p><strong>Telefon:<\/strong> <a href=\"tel:+37037430191\"><strong>+370 37 430191<\/strong><\/a><br \/>\n<strong>E-Mail:<\/strong> <a href=\"mailto:technika@agroteka.lt\">technika@agroteka.lt<\/a><br \/>\n<strong>Adresse:<\/strong> Perspektyvos Str. 32, Kaunas<br \/>\n<strong>Arbeitszeit:<\/strong> Donnerstag 8:00 \u2013 17:00<\/p>\n<\/div><\/div><\/div><\/div><\/div><div class=\"w-tabs-section\" id=\"w764\"><button aria-controls=\"content-w764\" class=\"w-tabs-section-header with_icon\"><i class=\"fal fa-wheat\"><\/i><div class=\"w-tabs-section-title\">Landwirtschaftliche Dienstleistungen<\/div><div class=\"w-tabs-section-control\"><\/div><\/button><div  class=\"w-tabs-section-content\" id=\"content-w764\" aria-expanded=\"false\"><div class=\"w-tabs-section-content-h i-cf\"><div class=\"wpb_text_column\"><div class=\"wpb_wrapper\"><h3>Landwirtschaftliche Dienstleistungen<\/h3>\n<p><strong>Mobiltelefon:<\/strong> <a href=\"tel:+370 620 37851\"><strong>+370 620 37851<\/strong><\/a><br \/>\n<strong>E-Mail:<\/strong> <a href=\"mailto:paslaugos@agroteka.lt\">paslaugos@agroteka.lt<\/a><br \/>\n<strong>Arbeitszeit: <\/strong>I-VII 8:00 \u2013 17:00<\/p>\n<\/div><\/div><\/div><\/div><\/div><div class=\"w-tabs-section\" id=\"b983\"><button aria-controls=\"content-b983\" class=\"w-tabs-section-header with_icon\"><i class=\"fal fa-tools\"><\/i><div class=\"w-tabs-section-title\">Service<\/div><div class=\"w-tabs-section-control\"><\/div><\/button><div  class=\"w-tabs-section-content\" id=\"content-b983\" aria-expanded=\"false\"><div class=\"w-tabs-section-content-h i-cf\"><div class=\"wpb_text_column\"><div class=\"wpb_wrapper\"><h3>Service<\/h3>\n<p><strong>Mobiltelefon:<\/strong> <a href=\"tel:+370 612 15111\"><strong>+370 612 15111<\/strong><\/a><br \/>\n<strong>E-Mail:<\/strong> <a href=\"mailto:servisas@agroteka.lt\">servisas@agroteka.lt<\/a><br \/>\n<strong>Adresse:<\/strong> Perspektyvos Str. 32, Kaunas<br \/>\n<strong>Arbeitszeit:<\/strong> 24\/7<\/p>\n<\/div><\/div><\/div><\/div><\/div><div class=\"w-tabs-section\" id=\"mbc2\"><button aria-controls=\"content-mbc2\" class=\"w-tabs-section-header with_icon\"><i class=\"fal fa-cogs\"><\/i><div class=\"w-tabs-section-title\">Ersatzteile<\/div><div class=\"w-tabs-section-control\"><\/div><\/button><div  class=\"w-tabs-section-content\" id=\"content-mbc2\" aria-expanded=\"false\"><div class=\"w-tabs-section-content-h i-cf\"><div class=\"wpb_text_column\"><div class=\"wpb_wrapper\"><h3>Ersatzteile<\/h3>\n<p><strong>Telefon:<\/strong> <a href=\"tel:+370 37 430101\"><strong>+370 37 430101 <\/strong><\/a><br \/>\n<strong>E-Mail:<\/strong> <a href=\"mailto:dalys@agroteka.lt\">dalys@agroteka.lt<\/a><br \/>\n<strong>Online-Shop:<\/strong> <a href=\"https:\/\/www.e-agroteka.lt\/\" target=\"_blank\" rel=\"noopener\"><strong>www.e-agroteka.lt<\/strong><\/a><br \/>\n<strong>Adresse:<\/strong> Perspektyvos Str. 32, Kaunas<br \/>\n<strong>Arbeitszeit:<\/strong> Donnerstag 8:00 \u2013 17:00<\/p>\n<\/div><\/div><\/div><\/div><\/div><div class=\"w-tabs-section\" id=\"pdc0\"><button aria-controls=\"content-pdc0\" class=\"w-tabs-section-header with_icon\"><i class=\"fal fa-phone-office\"><\/i><div class=\"w-tabs-section-title\">Andere Fragen<\/div><div class=\"w-tabs-section-control\"><\/div><\/button><div  class=\"w-tabs-section-content\" id=\"content-pdc0\" aria-expanded=\"false\"><div class=\"w-tabs-section-content-h i-cf\"><div class=\"wpb_text_column\"><div class=\"wpb_wrapper\"><h3>Verwaltung<\/h3>\n<p><strong>Telefon:<\/strong> <a href=\"tel:+370 37 430181\"><strong>+370 37 430181<\/strong><\/a><br \/>\n<strong>E-Mail:<\/strong> <a href=\"mailto:agroteka@agroteka.lt\">agroteka@agroteka.lt<\/a><br \/>\n<strong>Adresse:<\/strong> Perspektyvos Str. 32, Kaunas<br \/>\n<strong>Arbeitszeit:<\/strong> Donnerstag 8:00 \u2013 17:00<\/p>\n<\/div><\/div><\/div><\/div><\/div><\/div><\/div><\/div><\/div><div class=\"wpb_column vc_column_container\"><div class=\"vc_column-inner\"><div class=\"w-separator size_small\"><\/div><div class=\"w-image  hide_on_mobiles style_shadow-2 align_none\"><div class=\"w-image-h\"><div class=\"w-image-shadow\" style=\"background-image:url(https:\/\/www.agroteka.lt\/wp-content\/uploads\/imone_agroteka_kaunas.jpg);\"><\/div><img width=\"1024\" height=\"576\" src=\"https:\/\/www.agroteka.lt\/wp-content\/uploads\/imone_agroteka_kaunas.jpg\" class=\"attachment-large size-large\" alt=\"Firma Agroteka\" decoding=\"async\" srcset=\"https:\/\/www.agroteka.lt\/wp-content\/uploads\/imone_agroteka_kaunas.jpg 1024w, https:\/\/www.agroteka.lt\/wp-content\/uploads\/imone_agroteka_kaunas-300x169.jpg 300w\" sizes=\"(max-width: 1024px) 100vw, 1024px\" \/><\/div><\/div><\/div><\/div><\/div><\/div><\/div><\/div><\/div><\/section><section class=\"l-section wpb_row boxshadow height_medium\"><div class=\"l-section-h i-cf\"><div class=\"g-cols vc_row via_grid cols_3 laptops-cols_inherit tablets-cols_inherit mobiles-cols_1 valign_top type_default stacking_default\"><div class=\"wpb_column vc_column_container\"><div class=\"vc_column-inner\"><div class=\"wpb_text_column\"><div class=\"wpb_wrapper\"><h5>Verwaltung<\/h5>\n<p><strong>Arbeitszeit:<\/strong> Donnerstag 8:00 \u2013 17:00<br \/>\n<strong>Adresse:<\/strong> <a href=\"https:\/\/g.page\/agroteka?share\" target=\"_blank\" rel=\"noopener\">Perspektyvos Str. 32, Kaunas<\/a><br \/>\n<strong>E-Mail:<\/strong> <a href=\"mailto:agroteka@agroteka.lt\">agroteka@agroteka.lt<\/a><br \/>\n<strong>Telefon:<\/strong> <a href=\"tel:+370 37 430181\">+370 37 430181<\/a><\/p>\n<\/div><\/div><div class=\"w-separator  hide_on_default hide_on_laptops size_custom\" style=\"height:30px\"><\/div><div class=\"w-image  hide_on_default hide_on_laptops hide_on_tablets style_shadow-2 align_none\"><div class=\"w-image-h\"><div class=\"w-image-shadow\" style=\"background-image:url(https:\/\/www.agroteka.lt\/wp-content\/uploads\/imone_agroteka_kaunas.jpg);\"><\/div><img width=\"1024\" height=\"576\" src=\"https:\/\/www.agroteka.lt\/wp-content\/uploads\/imone_agroteka_kaunas.jpg\" class=\"attachment-large size-large\" alt=\"Firma Agroteka\" decoding=\"async\" srcset=\"https:\/\/www.agroteka.lt\/wp-content\/uploads\/imone_agroteka_kaunas.jpg 1024w, https:\/\/www.agroteka.lt\/wp-content\/uploads\/imone_agroteka_kaunas-300x169.jpg 300w\" sizes=\"(max-width: 1024px) 100vw, 1024px\" \/><\/div><\/div><div class=\"w-separator  hide_on_default hide_on_laptops hide_on_tablets size_custom\" style=\"height:30px\"><\/div><div class=\"w-separator  hide_on_tablets hide_on_mobiles size_custom\" style=\"height:50px\"><\/div><div class=\"wpb_text_column\"><div class=\"wpb_wrapper\"><h5>Requisiten<\/h5>\n<p><strong>UAB Agroteka<\/strong><br \/>\nBuchungskreis: 300625738<br \/>\nUmsatzsteuer-Identifikationsnummer: LT100002806912<br \/>\nBank: AB SwedBank<br \/>\nKonto: LT77 7300 0100 9802 4833<br \/>\nAdresse: Perspektyvos St. 32, LT-52119 Kaunas<br \/>\nE-Mail: agroteka@agroteka.lt<br \/>\nTelefon: +370 37 430181<\/p>\n<\/div><\/div><\/div><\/div><div class=\"wpb_column vc_column_container\"><div class=\"vc_column-inner\"><div class=\"wpb_text_column\"><div class=\"wpb_wrapper\"><h5>Wir werden gefunden<\/h5>\n<\/div><\/div><div class=\"w-separator size_custom\" style=\"height:10px\"><\/div><div class=\"wpb_text_column\"><div class=\"wpb_wrapper\"><p><iframe style=\"border: 0;\" src=\"https:\/\/www.google.com\/maps\/embed?pb=!1m18!1m12!1m3!1d2292.9696635003133!2d24.040911616022015!3d54.92100446330045!2m3!1f0!2f0!3f0!3m2!1i1024!2i768!4f13.1!3m3!1m2!1s0x46e7182b20b3cc0d%3A0x9332b80fc1ac0bf0!2sUAB%20Agroteka!5e0!3m2!1slt!2slt!4v1656486823641!5m2!1slt!2slt\" width=\"600\" height=\"400\" allowfullscreen=\"allowfullscreen\"><span style=\"display: inline-block; width: 0px; overflow: hidden; line-height: 0;\" data-mce-type=\"bookmark\" class=\"mce_SELRES_start\"><\/span><\/iframe><\/p>\n<\/div><\/div><\/div><\/div><div class=\"wpb_column vc_column_container\"><div class=\"vc_column-inner\"><div class=\"wpb_text_column\"><div class=\"wpb_wrapper\"><h5>Anfrageformular<\/h5>\n<\/div><\/div><div class=\"w-separator size_custom\" style=\"height:10px\"><\/div><div class=\"wpb_text_column\"><div class=\"wpb_wrapper\">\n<div class=\"wpcf7 no-js\" id=\"wpcf7-f5490-o1\" lang=\"lt-LT\" dir=\"ltr\">\n<div class=\"screen-reader-response\"><p role=\"status\" aria-live=\"polite\" aria-atomic=\"true\"><\/p> <ul><\/ul><\/div>\n<form action=\"\/de\/wp-json\/wp\/v2\/pages\/199#wpcf7-f5490-o1\" method=\"post\" class=\"wpcf7-form init\" aria-label=\"Kontakt\u0173 forma\" novalidate=\"novalidate\" data-status=\"init\" data-trp-original-action=\"\/de\/wp-json\/wp\/v2\/pages\/199#wpcf7-f5490-o1\">\n<div style=\"display: none;\">\n<input type=\"hidden\" name=\"_wpcf7\" value=\"5490\" \/>\n<input type=\"hidden\" name=\"_wpcf7_version\" value=\"5.9.3\" \/>\n<input type=\"hidden\" name=\"_wpcf7_locale\" value=\"lt_LT\" \/>\n<input type=\"hidden\" name=\"_wpcf7_unit_tag\" value=\"wpcf7-f5490-o1\" \/>\n<input type=\"hidden\" name=\"_wpcf7_container_post\" value=\"0\" \/>\n<input type=\"hidden\" name=\"_wpcf7_posted_data_hash\" value=\"\" \/>\n<input type=\"hidden\" name=\"_wpcf7_recaptcha_response\" value=\"\" \/>\n<\/div>\n<p><span class=\"wpcf7-form-control-wrap\" data-name=\"dominanti-technika\"><input size=\"40\" class=\"wpcf7-form-control wpcf7-text wpcf7-validates-as-required\" aria-required=\"true\" aria-invalid=\"false\" placeholder=\"Wie k\u00f6nnen wir Ihnen helfen? *\" value=\"\" type=\"text\" name=\"dominanti-technika\" \/><\/span><br \/>\n<span class=\"wpcf7-form-control-wrap\" data-name=\"your-name\"><input size=\"40\" class=\"wpcf7-form-control wpcf7-text wpcf7-validates-as-required\" aria-required=\"true\" aria-invalid=\"false\" placeholder=\"Ihr Name *\" value=\"\" type=\"text\" name=\"your-name\" \/><\/span><br \/>\n<span class=\"wpcf7-form-control-wrap\" data-name=\"your-phone\"><input size=\"40\" class=\"wpcf7-form-control wpcf7-text wpcf7-validates-as-required\" aria-required=\"true\" aria-invalid=\"false\" placeholder=\"Ihre Telefonnummer *\" value=\"\" type=\"text\" name=\"your-phone\" \/><\/span><br \/>\n<span class=\"wpcf7-form-control-wrap\" data-name=\"your-email\"><input size=\"40\" class=\"wpcf7-form-control wpcf7-email wpcf7-text wpcf7-validates-as-email\" aria-invalid=\"false\" placeholder=\"E-Mail-Adresse\" value=\"\" type=\"email\" name=\"your-email\" \/><\/span>\n<\/p>\n<p><span class=\"wpcf7-form-control-wrap\" data-name=\"acceptance-512\"><span class=\"wpcf7-form-control wpcf7-acceptance\"><span class=\"wpcf7-list-item\"><label><input type=\"checkbox\" name=\"acceptance-512\" value=\"1\" aria-invalid=\"false\" \/><span class=\"wpcf7-list-item-label\">Ich bin damit einverstanden, dass ein Vertreter der UAB Agroteka mich \u00fcber die angegebenen Kontakte bez\u00fcglich einer Beratung oder anderer Fragen kontaktiert. Kennenlernen <a href=\"\/de\/datenschutzrichtlinie\/\" target=\"_blank\">Datenschutzrichtlinie.<\/a><\/span><\/label><\/span><\/span><\/span>\n<\/p>\n<p><input class=\"wpcf7-form-control wpcf7-submit has-spinner\" type=\"submit\" value=\"Anfrage senden\" \/>\n<\/p><div class=\"wpcf7-response-output\" aria-hidden=\"true\"><\/div>\n<input type=\"hidden\" name=\"trp-form-language\" value=\"de\"\/><\/form>\n<\/div>\n\n<\/div><\/div><\/div><\/div><\/div><\/div><\/section>","protected":false},"excerpt":{"rendered":"Start\/SeitenKontaktaiReikia pagalbos technikos, agro paslaug\u0173, atsargini\u0173 dali\u0173 ar kitais klausimais? Pasirinkite reikalinga m\u016bs\u0173 skyri\u0173 &#8211; mes pasireng\u0119 Jums pad\u0117ti! Pasirinkite, kas Jus domina: Technikos \u012fsigijimas ar nuomaTechnikos skyrius Telefonas: +370 37 430191 El.pa\u0161tas: technika@agroteka.lt Adresas: Perspektyvos g. 32, Kaunas Darbo laikas: I-V 8:00 &#8211; 17:00 Agro paslaugosAgro paslaugos Mob.telefonas: +370 620 37851 El.pa\u0161tas: paslaugos@agroteka.lt Darbo...","protected":false},"author":1,"featured_media":0,"parent":0,"menu_order":22,"comment_status":"closed","ping_status":"closed","template":"","meta":{"inline_featured_image":false,"footnotes":"","iawp_total_views":10127},"acf":[],"yoast_head":"<!-- This site is optimized with the Yoast SEO plugin v22.4 - https:\/\/yoast.com\/wordpress\/plugins\/seo\/ -->\n<title>M\u016bs\u0173 \u012fmon\u0117s kontaktai | Agroteka<\/title>\n<meta name=\"description\" content=\"Reikia pagalbos? Susisiekite su m\u016bs\u0173 technikos, agro paslaug\u0173, detali\u0173 skyriumi, servisu ar kitu Jus dominan\u010diu m\u016bs\u0173 padaliniu.\" \/>\n<meta name=\"robots\" content=\"index, follow, max-snippet:-1, max-image-preview:large, max-video-preview:-1\" \/>\n<link rel=\"canonical\" href=\"https:\/\/www.agroteka.lt\/de\/kontakte\/\" \/>\n<meta property=\"og:locale\" content=\"de_DE\" \/>\n<meta property=\"og:type\" content=\"article\" \/>\n<meta property=\"og:title\" content=\"M\u016bs\u0173 \u012fmon\u0117s kontaktai | Agroteka\" \/>\n<meta property=\"og:description\" content=\"Reikia pagalbos? Susisiekite su m\u016bs\u0173 technikos, agro paslaug\u0173, detali\u0173 skyriumi, servisu ar kitu Jus dominan\u010diu m\u016bs\u0173 padaliniu.\" \/>\n<meta property=\"og:url\" content=\"https:\/\/www.agroteka.lt\/de\/kontakte\/\" \/>\n<meta property=\"og:site_name\" content=\"Agroteka\" \/>\n<meta property=\"article:publisher\" content=\"https:\/\/www.facebook.com\/uabagroteka\" \/>\n<meta property=\"article:modified_time\" content=\"2026-04-09T11:44:57+00:00\" \/>\n<meta name=\"twitter:card\" content=\"summary_large_image\" \/>\n<meta name=\"twitter:label1\" content=\"Gesch\u00e4tzte Lesezeit\" \/>\n\t<meta name=\"twitter:data1\" content=\"3\u00a0Minuten\" \/>\n<script type=\"application\/ld+json\" class=\"yoast-schema-graph\">{\"@context\":\"https:\/\/schema.org\",\"@graph\":[{\"@type\":\"WebPage\",\"@id\":\"https:\/\/www.agroteka.lt\/kontaktai\/\",\"url\":\"https:\/\/www.agroteka.lt\/kontaktai\/\",\"name\":\"M\u016bs\u0173 \u012fmon\u0117s kontaktai | Agroteka\",\"isPartOf\":{\"@id\":\"https:\/\/www.agroteka.lt\/#website\"},\"datePublished\":\"2022-02-28T12:00:18+00:00\",\"dateModified\":\"2026-04-09T11:44:57+00:00\",\"description\":\"Reikia pagalbos? Susisiekite su m\u016bs\u0173 technikos, agro paslaug\u0173, detali\u0173 skyriumi, servisu ar kitu Jus dominan\u010diu m\u016bs\u0173 padaliniu.\",\"breadcrumb\":{\"@id\":\"https:\/\/www.agroteka.lt\/kontaktai\/#breadcrumb\"},\"inLanguage\":\"de\",\"potentialAction\":[{\"@type\":\"ReadAction\",\"target\":[\"https:\/\/www.agroteka.lt\/kontaktai\/\"]}]},{\"@type\":\"BreadcrumbList\",\"@id\":\"https:\/\/www.agroteka.lt\/kontaktai\/#breadcrumb\",\"itemListElement\":[{\"@type\":\"ListItem\",\"position\":1,\"name\":\"Home\",\"item\":\"https:\/\/www.agroteka.lt\/\"},{\"@type\":\"ListItem\",\"position\":2,\"name\":\"Kontaktai\"}]},{\"@type\":\"WebSite\",\"@id\":\"https:\/\/www.agroteka.lt\/#website\",\"url\":\"https:\/\/www.agroteka.lt\/\",\"name\":\"Agroteka\",\"description\":\"\u017dem\u0117s \u016bkio technika, agro paslaugos, atsargin\u0117s dalys.\",\"publisher\":{\"@id\":\"https:\/\/www.agroteka.lt\/#organization\"},\"potentialAction\":[{\"@type\":\"SearchAction\",\"target\":{\"@type\":\"EntryPoint\",\"urlTemplate\":\"https:\/\/www.agroteka.lt\/?s={search_term_string}\"},\"query-input\":\"required name=search_term_string\"}],\"inLanguage\":\"de\"},{\"@type\":\"Organization\",\"@id\":\"https:\/\/www.agroteka.lt\/#organization\",\"name\":\"Agroteka\",\"url\":\"https:\/\/www.agroteka.lt\/\",\"logo\":{\"@type\":\"ImageObject\",\"inLanguage\":\"de\",\"@id\":\"https:\/\/www.agroteka.lt\/#\/schema\/logo\/image\/\",\"url\":\"https:\/\/www.agroteka.lt\/wp-content\/uploads\/Agroteka_logo_bg.jpg\",\"contentUrl\":\"https:\/\/www.agroteka.lt\/wp-content\/uploads\/Agroteka_logo_bg.jpg\",\"width\":1000,\"height\":422,\"caption\":\"Agroteka\"},\"image\":{\"@id\":\"https:\/\/www.agroteka.lt\/#\/schema\/logo\/image\/\"},\"sameAs\":[\"https:\/\/www.facebook.com\/uabagroteka\",\"https:\/\/www.youtube.com\/user\/UABAgroteka\"]}]}<\/script>\n<!-- \/ Yoast SEO plugin. -->","yoast_head_json":{"title":"Unsere Firmenkontakte | Agroteka","description":"Brauchen Sie Hilfe? Kontaktieren Sie unseren technischen Kundendienst, den Agrarservice, die Ersatzteilabteilung, den Service oder eine andere Abteilung, die Sie interessiert.","robots":{"index":"index","follow":"follow","max-snippet":"max-snippet:-1","max-image-preview":"max-image-preview:large","max-video-preview":"max-video-preview:-1"},"canonical":"https:\/\/www.agroteka.lt\/de\/kontakte\/","og_locale":"de_DE","og_type":"article","og_title":"M\u016bs\u0173 \u012fmon\u0117s kontaktai | Agroteka","og_description":"Reikia pagalbos? Susisiekite su m\u016bs\u0173 technikos, agro paslaug\u0173, detali\u0173 skyriumi, servisu ar kitu Jus dominan\u010diu m\u016bs\u0173 padaliniu.","og_url":"https:\/\/www.agroteka.lt\/de\/kontakte\/","og_site_name":"Agroteka","article_publisher":"https:\/\/www.facebook.com\/uabagroteka","article_modified_time":"2026-04-09T11:44:57+00:00","twitter_card":"summary_large_image","twitter_misc":{"Gesch\u00e4tzte Lesezeit":"3\u00a0Minuten"},"schema":{"@context":"https:\/\/schema.org","@graph":[{"@type":"WebPage","@id":"https:\/\/www.agroteka.lt\/kontaktai\/","url":"https:\/\/www.agroteka.lt\/kontaktai\/","name":"Unsere Firmenkontakte | Agroteka","isPartOf":{"@id":"https:\/\/www.agroteka.lt\/#website"},"datePublished":"2022-02-28T12:00:18+00:00","dateModified":"2026-04-09T11:44:57+00:00","description":"Brauchen Sie Hilfe? Kontaktieren Sie unseren technischen Kundendienst, den Agrarservice, die Ersatzteilabteilung, den Service oder eine andere Abteilung, die Sie interessiert.","breadcrumb":{"@id":"https:\/\/www.agroteka.lt\/kontaktai\/#breadcrumb"},"inLanguage":"de","potentialAction":[{"@type":"ReadAction","target":["https:\/\/www.agroteka.lt\/kontaktai\/"]}]},{"@type":"BreadcrumbList","@id":"https:\/\/www.agroteka.lt\/kontaktai\/#breadcrumb","itemListElement":[{"@type":"ListItem","position":1,"name":"Home","item":"https:\/\/www.agroteka.lt\/"},{"@type":"ListItem","position":2,"name":"Kontaktai"}]},{"@type":"WebSite","@id":"https:\/\/www.agroteka.lt\/#website","url":"https:\/\/www.agroteka.lt\/","name":"Agrotech","description":"Landmaschinen, Agrardienstleistungen, Ersatzteile.","publisher":{"@id":"https:\/\/www.agroteka.lt\/#organization"},"potentialAction":[{"@type":"SearchAction","target":{"@type":"EntryPoint","urlTemplate":"https:\/\/www.agroteka.lt\/?s={search_term_string}"},"query-input":"required name=search_term_string"}],"inLanguage":"de"},{"@type":"Organization","@id":"https:\/\/www.agroteka.lt\/#organization","name":"Agrotech","url":"https:\/\/www.agroteka.lt\/","logo":{"@type":"ImageObject","inLanguage":"de","@id":"https:\/\/www.agroteka.lt\/#\/schema\/logo\/image\/","url":"https:\/\/www.agroteka.lt\/wp-content\/uploads\/Agroteka_logo_bg.jpg","contentUrl":"https:\/\/www.agroteka.lt\/wp-content\/uploads\/Agroteka_logo_bg.jpg","width":1000,"height":422,"caption":"Agroteka"},"image":{"@id":"https:\/\/www.agroteka.lt\/#\/schema\/logo\/image\/"},"sameAs":["https:\/\/www.facebook.com\/uabagroteka","https:\/\/www.youtube.com\/user\/UABAgroteka"]}]}},"_links":{"self":[{"href":"https:\/\/www.agroteka.lt\/de\/wp-json\/wp\/v2\/pages\/199"}],"collection":[{"href":"https:\/\/www.agroteka.lt\/de\/wp-json\/wp\/v2\/pages"}],"about":[{"href":"https:\/\/www.agroteka.lt\/de\/wp-json\/wp\/v2\/types\/page"}],"author":[{"embeddable":true,"href":"https:\/\/www.agroteka.lt\/de\/wp-json\/wp\/v2\/users\/1"}],"replies":[{"embeddable":true,"href":"https:\/\/www.agroteka.lt\/de\/wp-json\/wp\/v2\/comments?post=199"}],"version-history":[{"count":80,"href":"https:\/\/www.agroteka.lt\/de\/wp-json\/wp\/v2\/pages\/199\/revisions"}],"predecessor-version":[{"id":20146,"href":"https:\/\/www.agroteka.lt\/de\/wp-json\/wp\/v2\/pages\/199\/revisions\/20146"}],"wp:attachment":[{"href":"https:\/\/www.agroteka.lt\/de\/wp-json\/wp\/v2\/media?parent=199"}],"curies":[{"name":"wp","href":"https:\/\/api.w.org\/{rel}","templated":true}]}}